{"id":111,"date":"2021-07-25T15:02:58","date_gmt":"2021-07-25T15:02:58","guid":{"rendered":"https:\/\/p-ef2bbw.project.space\/berlin\/?page_id=111"},"modified":"2024-10-16T13:31:17","modified_gmt":"2024-10-16T13:31:17","slug":"food-drink","status":"publish","type":"page","link":"https:\/\/vagabondclub.com\/berlin\/en\/food-drink\/","title":{"rendered":"Food &amp; Drink"},"content":{"rendered":"    <section\n    class=\"row container banner-block banner-portrait justify-end items-start\"\n    id=\"block_e344f0f589e481f20e712698cd424220\"\n        >\n                        <div class=\"banner-portrait-inner\">\n            <div class=\"banner-portrait-content flex justify-end flex-col theme--image\">\n                                    <p class=\"mb-2 overline color-accent\">\n                        Townhouse Berlin                    <\/p>\n                                                    <h1 class=\"mb-20 md:mb-10 h-title\">Food &amp; Drink                                                    <span class=\"subtitle\">\n                                The Lounge also invites you to linger during reception opening hours. A selection of drinks and snacks are available for you.                            <\/span>\n                                            <\/h1>\n                                                    <div class=\"buttons centered no-margin\">\n                                                                                                <\/div>\n                                            <\/div>\n                        <div class=\"banner-portrait-image img-abs\">\n                <img decoding=\"async\"\n            src=\"https:\/\/vagabondclub.com\/berlin\/wp-content\/uploads\/sites\/2\/2021\/10\/Dining_1_Header.jpg\"\n    \n            loading=\"lazy\"          \n    \n    onerror=\"this.onerror=null; this.src='data:image\/gif;base64,R0lGODlhAQABAIAAAMLCwgAAACH5BAAAAAAALAAAAAABAAEAAAICRAEAOw=='; this.srcset='data:image\/gif;base64,R0lGODlhAQABAIAAAMLCwgAAACH5BAAAAAAALAAAAAABAAEAAAICRAEAOw=='\"\n    alt=\"Dining_1_Header\"\n    width=\"1080\"\n    height=\"1080\"\n    class=\"\n        object-fit            \"\n\n        \n            srcset=\"https:\/\/vagabondclub.com\/berlin\/wp-content\/uploads\/sites\/2\/2021\/10\/Dining_1_Header-188x188.jpg 188w, https:\/\/vagabondclub.com\/berlin\/wp-content\/uploads\/sites\/2\/2021\/10\/Dining_1_Header-375x375.jpg 375w, https:\/\/vagabondclub.com\/berlin\/wp-content\/uploads\/sites\/2\/2021\/10\/Dining_1_Header-500x500.jpg 500w, https:\/\/vagabondclub.com\/berlin\/wp-content\/uploads\/sites\/2\/2021\/10\/Dining_1_Header-640x640.jpg 640w, https:\/\/vagabondclub.com\/berlin\/wp-content\/uploads\/sites\/2\/2021\/10\/Dining_1_Header-800x800.jpg 800w, https:\/\/vagabondclub.com\/berlin\/wp-content\/uploads\/sites\/2\/2021\/10\/Dining_1_Header-1024x1024.jpg 1024w, https:\/\/vagabondclub.com\/berlin\/wp-content\/uploads\/sites\/2\/2021\/10\/Dining_1_Header.jpg 1367w, https:\/\/vagabondclub.com\/berlin\/wp-content\/uploads\/sites\/2\/2021\/10\/Dining_1_Header.jpg 1920w, https:\/\/vagabondclub.com\/berlin\/wp-content\/uploads\/sites\/2\/2021\/10\/Dining_1_Header.jpg 2200w\"\n    \n    sizes=\"auto, (max-width: 48em) 85vw, (max-width: 64em) 42vw, (min-width: 64em) 42vw\">\n            <\/div>\n                    <\/div>\n    <\/section>\n    \n\n    <section\n    class=\"row spacing container\"\n    id=\"block_5503034018c6535e11c7be47a90b642d\"\n    data-aos=\"fade-up\"\n        >\n                        <div class=\"content-block text-align-center\">\n                            <p class=\"mb-1 overline color-accent\" data-aos=\"fade-up\">\n                    OUR PROMISE                <\/p>\n                                        <h2 data-aos=\"fade-up\">We stand by quality                                    <\/h2>\n                                        <div data-aos=\"fade-up\">\n                    <p>We love really good products and only offer what convinces us in terms of taste, craftsmanship, and sustainability.<\/p>\n<p>To this end, we always select the best that the local bakers, fishermen, butchers, and farmers have to offer.<\/p>\n                <\/div>\n                                <\/div>\n    <\/section>\n    \n\n    <section\n    class=\"row spacing img-content-row\"\n    id=\"block_c22dcc200b203a7f92b48bc56570f8f2\"\n        >\n                        <div class=\"img-content container image-text\">\n            <div class=\"img\" data-aos=\"fade-up\">\n                                    <div class=\"image-carousel js-image-carousel img-abs\">\n                                                    <img decoding=\"async\"\n            src=\"https:\/\/vagabondclub.com\/berlin\/wp-content\/uploads\/sites\/2\/2021\/10\/Dining_2_Breakfast-1367x769.jpg\"\n    \n            loading=\"lazy\"          \n    \n    onerror=\"this.onerror=null; this.src='data:image\/gif;base64,R0lGODlhAQABAIAAAMLCwgAAACH5BAAAAAAALAAAAAABAAEAAAICRAEAOw=='; this.srcset='data:image\/gif;base64,R0lGODlhAQABAIAAAMLCwgAAACH5BAAAAAAALAAAAAABAAEAAAICRAEAOw=='\"\n    alt=\"Dining_2_Breakfast\"\n    width=\"1367\"\n    height=\"769\"\n    class=\"\n        object-fit            \"\n\n        \n            srcset=\"https:\/\/vagabondclub.com\/berlin\/wp-content\/uploads\/sites\/2\/2021\/10\/Dining_2_Breakfast-188x106.jpg 188w, https:\/\/vagabondclub.com\/berlin\/wp-content\/uploads\/sites\/2\/2021\/10\/Dining_2_Breakfast-375x211.jpg 375w, https:\/\/vagabondclub.com\/berlin\/wp-content\/uploads\/sites\/2\/2021\/10\/Dining_2_Breakfast-500x281.jpg 500w, https:\/\/vagabondclub.com\/berlin\/wp-content\/uploads\/sites\/2\/2021\/10\/Dining_2_Breakfast-640x360.jpg 640w, https:\/\/vagabondclub.com\/berlin\/wp-content\/uploads\/sites\/2\/2021\/10\/Dining_2_Breakfast-800x450.jpg 800w, https:\/\/vagabondclub.com\/berlin\/wp-content\/uploads\/sites\/2\/2021\/10\/Dining_2_Breakfast-1024x576.jpg 1024w, https:\/\/vagabondclub.com\/berlin\/wp-content\/uploads\/sites\/2\/2021\/10\/Dining_2_Breakfast-1367x769.jpg 1367w, https:\/\/vagabondclub.com\/berlin\/wp-content\/uploads\/sites\/2\/2021\/10\/Dining_2_Breakfast.jpg 1920w, https:\/\/vagabondclub.com\/berlin\/wp-content\/uploads\/sites\/2\/2021\/10\/Dining_2_Breakfast.jpg 2200w\"\n    \n    sizes=\"auto, (max-width: 48em) 85vw, (max-width: 64em) 42vw, (min-width: 64em) 42vw\">\n                                            <\/div>\n                    \n                                                <\/div>\n\n            <div class=\"content\">\n                <div class=\"content-inner\">\n                    <header>\n                                                    <p class=\"mb-4 overline color-accent flex items-center\" data-aos=\"fade-up\">\n                                Breakfast                                <span class=\"divider flex-grow\"><\/span>\n                            <\/p>\n                        \n                                                    <h2 data-aos=\"fade-up\">The Breakfast Club &#8211; New York Style                                                            <\/h2>\n                                            <\/header>\n\n                    <article class=\"content-wrap\" data-aos=\"fade-up\" data-aos-delay=\"150\">\n                        <p>The Breakfast Club Berlin serves breakfast New York style, with your choice of coffee freshly prepared from the filter holder. The coffee beans come from a Berlin coffee roastery, all sourdough baked goods from BioB\u00e4ckerei &amp; Caf\u00e9. Conscious cultivation and fair trade have top priority. Fresh juices and smoothies come from Charlottenburger SaftOase. Choose your own \u00e9tag\u00e8re and complement it with sweets or savouries from the \u00e0 la carte selection.<\/p>\n<p><strong>Daily:\u00a0 <\/strong>7.00 &#8211; 11.00 am<\/p>\n<p>&nbsp;<\/p>\n                    <\/article>\n                    \n                                            <div class=\"buttons\" data-aos=\"fade-up\" data-aos-delay=\"150\">\n                                                                                                <a class=\"button secondary\" href=\"https:\/\/vagabondclub.com\/berlin\/wp-content\/uploads\/sites\/2\/2024\/10\/EN_TownhouseBerlin_BreakfastClub_A3_Oct24_WEB.pdf\" target=\"_blank\" rel=\"noopener\">\n                                        See Breakfast Menu                                    <\/a>\n                                                                                    <\/div>\n                                    <\/div>\n            <\/div>\n        <\/div>\n    <\/section>\n    \n\n    <section\n    class=\"row spacing gallery-carousel-row\"\n    id=\"block_96b417532a538baa53e5a09bc2fda221\"\n        >\n                        <div class=\"gallery-carousel-wrapper\" data-aos=\"fade-up\">\n            <a href=\"#\" class=\"gallery-carousel-control gallery-carousel-prev js-gallery-prev\"><div class=\"fitty prev\"><div class=\"text\">Previous<\/div><\/div><\/a>\n            <a href=\"#\" class=\"gallery-carousel-control gallery-carousel-next js-gallery-next\"><div class=\"fitty next\"><div class=\"text\">Next<\/div><\/div><\/a>\n            <div class=\"gallery-carousel js-gallery-carousel\">\n                                    <div class=\"gallery-carousel-slide\">\n                        <div class=\"gallery-carousel-slide-img img-abs\">\n                            <img decoding=\"async\"\n            src=\"https:\/\/vagabondclub.com\/berlin\/wp-content\/uploads\/sites\/2\/2021\/10\/Dining_3_Slider.jpg\"\n    \n            loading=\"lazy\"          \n    \n    onerror=\"this.onerror=null; this.src='data:image\/gif;base64,R0lGODlhAQABAIAAAMLCwgAAACH5BAAAAAAALAAAAAABAAEAAAICRAEAOw=='; this.srcset='data:image\/gif;base64,R0lGODlhAQABAIAAAMLCwgAAACH5BAAAAAAALAAAAAABAAEAAAICRAEAOw=='\"\n    alt=\"Dining_3_Slider\"\n    width=\"1920\"\n    height=\"1080\"\n    class=\"\n        object-fit            \"\n\n        \n            srcset=\"https:\/\/vagabondclub.com\/berlin\/wp-content\/uploads\/sites\/2\/2021\/10\/Dining_3_Slider-188x106.jpg 188w, https:\/\/vagabondclub.com\/berlin\/wp-content\/uploads\/sites\/2\/2021\/10\/Dining_3_Slider-375x211.jpg 375w, https:\/\/vagabondclub.com\/berlin\/wp-content\/uploads\/sites\/2\/2021\/10\/Dining_3_Slider-500x281.jpg 500w, https:\/\/vagabondclub.com\/berlin\/wp-content\/uploads\/sites\/2\/2021\/10\/Dining_3_Slider-640x360.jpg 640w, https:\/\/vagabondclub.com\/berlin\/wp-content\/uploads\/sites\/2\/2021\/10\/Dining_3_Slider-800x450.jpg 800w, https:\/\/vagabondclub.com\/berlin\/wp-content\/uploads\/sites\/2\/2021\/10\/Dining_3_Slider-1024x576.jpg 1024w, https:\/\/vagabondclub.com\/berlin\/wp-content\/uploads\/sites\/2\/2021\/10\/Dining_3_Slider-1367x769.jpg 1367w, https:\/\/vagabondclub.com\/berlin\/wp-content\/uploads\/sites\/2\/2021\/10\/Dining_3_Slider.jpg 1920w, https:\/\/vagabondclub.com\/berlin\/wp-content\/uploads\/sites\/2\/2021\/10\/Dining_3_Slider.jpg 2200w\"\n    \n    sizes=\"auto, (max-width: 48em) 85vw, (max-width: 64em) 83vw, (min-width: 64em) 83vw\">\n                        <\/div>\n\n                                            <\/div>\n                                    <div class=\"gallery-carousel-slide\">\n                        <div class=\"gallery-carousel-slide-img img-abs\">\n                            <img decoding=\"async\"\n            src=\"https:\/\/vagabondclub.com\/berlin\/wp-content\/uploads\/sites\/2\/2023\/03\/Vagabond_Berlin-185-1920x1920.jpg\"\n    \n            loading=\"lazy\"          \n    \n    onerror=\"this.onerror=null; this.src='data:image\/gif;base64,R0lGODlhAQABAIAAAMLCwgAAACH5BAAAAAAALAAAAAABAAEAAAICRAEAOw=='; this.srcset='data:image\/gif;base64,R0lGODlhAQABAIAAAMLCwgAAACH5BAAAAAAALAAAAAABAAEAAAICRAEAOw=='\"\n    alt=\"Vagabond_Berlin-185\"\n    width=\"1920\"\n    height=\"1920\"\n    class=\"\n        object-fit            \"\n\n        \n            srcset=\"https:\/\/vagabondclub.com\/berlin\/wp-content\/uploads\/sites\/2\/2023\/03\/Vagabond_Berlin-185-188x188.jpg 188w, https:\/\/vagabondclub.com\/berlin\/wp-content\/uploads\/sites\/2\/2023\/03\/Vagabond_Berlin-185-375x375.jpg 375w, https:\/\/vagabondclub.com\/berlin\/wp-content\/uploads\/sites\/2\/2023\/03\/Vagabond_Berlin-185-500x500.jpg 500w, https:\/\/vagabondclub.com\/berlin\/wp-content\/uploads\/sites\/2\/2023\/03\/Vagabond_Berlin-185-640x640.jpg 640w, https:\/\/vagabondclub.com\/berlin\/wp-content\/uploads\/sites\/2\/2023\/03\/Vagabond_Berlin-185-800x800.jpg 800w, https:\/\/vagabondclub.com\/berlin\/wp-content\/uploads\/sites\/2\/2023\/03\/Vagabond_Berlin-185-1024x1024.jpg 1024w, https:\/\/vagabondclub.com\/berlin\/wp-content\/uploads\/sites\/2\/2023\/03\/Vagabond_Berlin-185-1367x1367.jpg 1367w, https:\/\/vagabondclub.com\/berlin\/wp-content\/uploads\/sites\/2\/2023\/03\/Vagabond_Berlin-185-1920x1920.jpg 1920w, https:\/\/vagabondclub.com\/berlin\/wp-content\/uploads\/sites\/2\/2023\/03\/Vagabond_Berlin-185.jpg 2200w\"\n    \n    sizes=\"auto, (max-width: 48em) 85vw, (max-width: 64em) 83vw, (min-width: 64em) 83vw\">\n                        <\/div>\n\n                                            <\/div>\n                                    <div class=\"gallery-carousel-slide\">\n                        <div class=\"gallery-carousel-slide-img img-abs\">\n                            <img decoding=\"async\"\n            src=\"https:\/\/vagabondclub.com\/berlin\/wp-content\/uploads\/sites\/2\/2023\/03\/Vagabond_Berlin-170-1920x1280.jpg\"\n    \n            loading=\"lazy\"          \n    \n    onerror=\"this.onerror=null; this.src='data:image\/gif;base64,R0lGODlhAQABAIAAAMLCwgAAACH5BAAAAAAALAAAAAABAAEAAAICRAEAOw=='; this.srcset='data:image\/gif;base64,R0lGODlhAQABAIAAAMLCwgAAACH5BAAAAAAALAAAAAABAAEAAAICRAEAOw=='\"\n    alt=\"Vagabond_Berlin-170\"\n    width=\"1920\"\n    height=\"1280\"\n    class=\"\n        object-fit            \"\n\n        \n            srcset=\"https:\/\/vagabondclub.com\/berlin\/wp-content\/uploads\/sites\/2\/2023\/03\/Vagabond_Berlin-170-188x125.jpg 188w, https:\/\/vagabondclub.com\/berlin\/wp-content\/uploads\/sites\/2\/2023\/03\/Vagabond_Berlin-170-375x250.jpg 375w, https:\/\/vagabondclub.com\/berlin\/wp-content\/uploads\/sites\/2\/2023\/03\/Vagabond_Berlin-170-500x333.jpg 500w, https:\/\/vagabondclub.com\/berlin\/wp-content\/uploads\/sites\/2\/2023\/03\/Vagabond_Berlin-170-640x427.jpg 640w, https:\/\/vagabondclub.com\/berlin\/wp-content\/uploads\/sites\/2\/2023\/03\/Vagabond_Berlin-170-800x533.jpg 800w, https:\/\/vagabondclub.com\/berlin\/wp-content\/uploads\/sites\/2\/2023\/03\/Vagabond_Berlin-170-1024x683.jpg 1024w, https:\/\/vagabondclub.com\/berlin\/wp-content\/uploads\/sites\/2\/2023\/03\/Vagabond_Berlin-170-1367x912.jpg 1367w, https:\/\/vagabondclub.com\/berlin\/wp-content\/uploads\/sites\/2\/2023\/03\/Vagabond_Berlin-170-1920x1280.jpg 1920w, https:\/\/vagabondclub.com\/berlin\/wp-content\/uploads\/sites\/2\/2023\/03\/Vagabond_Berlin-170.jpg 2200w\"\n    \n    sizes=\"auto, (max-width: 48em) 85vw, (max-width: 64em) 83vw, (min-width: 64em) 83vw\">\n                        <\/div>\n\n                                            <\/div>\n                            <\/div>\n\n            <div class=\"slick-controls flex justify-center items-center\">\n                <a href=\"#\" class=\"js-gallery-prev slick-control\" title=\"Previous slide\"><svg width=\"24\" height=\"24\" xmlns=\"http:\/\/www.w3.org\/2000\/svg\" viewBox=\"0 0 48 48\"><title>Previous<\/title><g class=\"caret-left\"><polyline class=\"arrowhead\" points=\"29.018 36.036 16.982 24 29.018 11.964\" fill=\"none\" stroke=\"currentColor\" stroke-linecap=\"round\" stroke-linejoin=\"round\" stroke-width=\"3\"\/><\/g><\/svg><\/a>\n                <div class=\"slick-dots gallery-dots\"><\/div>\n                <a href=\"#\" class=\"js-gallery-next slick-control\" title=\"Next slide\"><svg width=\"24\" height=\"24\" xmlns=\"http:\/\/www.w3.org\/2000\/svg\" viewBox=\"0 0 48 48\"><title>Next<\/title><g class=\"caret-right\"><polyline class=\"arrowhead\" points=\"18.982 11.964 31.018 24 18.982 36.036\" fill=\"none\" stroke=\"currentColor\" stroke-linecap=\"round\" stroke-linejoin=\"round\" stroke-width=\"3\"\/><\/g><\/svg><\/a>\n            <\/div>\n        <\/div>\n    <\/section>\n    ","protected":false},"excerpt":{"rendered":"","protected":false},"author":1,"featured_media":0,"parent":0,"menu_order":0,"comment_status":"closed","ping_status":"closed","template":"","meta":{"_acf_changed":false,"inline_featured_image":false,"footnotes":""},"class_list":["post-111","page","type-page","status-publish","hentry"],"acf":[],"yoast_head":"<!-- This site is optimized with the Yoast SEO plugin v27.3 - https:\/\/yoast.com\/product\/yoast-seo-wordpress\/ -->\n<title>Food &amp; Drink At Berlin Townhouse | Vagabond Club<\/title>\n<meta name=\"description\" content=\"Looking for a snack? There is always something special to grab from the fridge. Enjoy local products 24\/7.\" \/>\n<meta name=\"robots\" content=\"index, follow, max-snippet:-1, max-image-preview:large, max-video-preview:-1\" \/>\n<link rel=\"canonical\" href=\"https:\/\/vagabondclub.com\/berlin\/en\/food-drink\/\" \/>\n<meta property=\"og:locale\" content=\"en_US\" \/>\n<meta property=\"og:type\" content=\"article\" \/>\n<meta property=\"og:title\" content=\"Food &amp; Drink At Berlin Townhouse | Vagabond Club\" \/>\n<meta property=\"og:description\" content=\"Looking for a snack? There is always something special to grab from the fridge. Enjoy local products 24\/7.\" \/>\n<meta property=\"og:url\" content=\"https:\/\/vagabondclub.com\/berlin\/en\/food-drink\/\" \/>\n<meta property=\"og:site_name\" content=\"Berlin\" \/>\n<meta property=\"article:modified_time\" content=\"2024-10-16T13:31:17+00:00\" \/>\n<meta name=\"twitter:card\" content=\"summary_large_image\" \/>\n<script type=\"application\/ld+json\" class=\"yoast-schema-graph\">{\"@context\":\"https:\\\/\\\/schema.org\",\"@graph\":[{\"@type\":\"WebPage\",\"@id\":\"https:\\\/\\\/vagabondclub.com\\\/berlin\\\/en\\\/food-drink\\\/\",\"url\":\"https:\\\/\\\/vagabondclub.com\\\/berlin\\\/en\\\/food-drink\\\/\",\"name\":\"Food & Drink At Berlin Townhouse | Vagabond Club\",\"isPartOf\":{\"@id\":\"https:\\\/\\\/vagabondclub.com\\\/berlin\\\/en\\\/#website\"},\"datePublished\":\"2021-07-25T15:02:58+00:00\",\"dateModified\":\"2024-10-16T13:31:17+00:00\",\"description\":\"Looking for a snack? There is always something special to grab from the fridge. Enjoy local products 24\\\/7.\",\"breadcrumb\":{\"@id\":\"https:\\\/\\\/vagabondclub.com\\\/berlin\\\/en\\\/food-drink\\\/#breadcrumb\"},\"inLanguage\":\"en-US\",\"potentialAction\":[{\"@type\":\"ReadAction\",\"target\":[\"https:\\\/\\\/vagabondclub.com\\\/berlin\\\/en\\\/food-drink\\\/\"]}]},{\"@type\":\"BreadcrumbList\",\"@id\":\"https:\\\/\\\/vagabondclub.com\\\/berlin\\\/en\\\/food-drink\\\/#breadcrumb\",\"itemListElement\":[{\"@type\":\"ListItem\",\"position\":1,\"name\":\"Startseite\",\"item\":\"https:\\\/\\\/vagabondclub.com\\\/berlin\\\/en\\\/\"},{\"@type\":\"ListItem\",\"position\":2,\"name\":\"Food &amp; Drink\"}]},{\"@type\":\"WebSite\",\"@id\":\"https:\\\/\\\/vagabondclub.com\\\/berlin\\\/en\\\/#website\",\"url\":\"https:\\\/\\\/vagabondclub.com\\\/berlin\\\/en\\\/\",\"name\":\"Berlin\",\"description\":\"Just another Vagabond Sites site\",\"potentialAction\":[{\"@type\":\"SearchAction\",\"target\":{\"@type\":\"EntryPoint\",\"urlTemplate\":\"https:\\\/\\\/vagabondclub.com\\\/berlin\\\/en\\\/?s={search_term_string}\"},\"query-input\":{\"@type\":\"PropertyValueSpecification\",\"valueRequired\":true,\"valueName\":\"search_term_string\"}}],\"inLanguage\":\"en-US\"}]}<\/script>\n<!-- \/ Yoast SEO plugin. -->","yoast_head_json":{"title":"Food & Drink At Berlin Townhouse | Vagabond Club","description":"Looking for a snack? There is always something special to grab from the fridge. Enjoy local products 24\/7.","robots":{"index":"index","follow":"follow","max-snippet":"max-snippet:-1","max-image-preview":"max-image-preview:large","max-video-preview":"max-video-preview:-1"},"canonical":"https:\/\/vagabondclub.com\/berlin\/en\/food-drink\/","og_locale":"en_US","og_type":"article","og_title":"Food & Drink At Berlin Townhouse | Vagabond Club","og_description":"Looking for a snack? There is always something special to grab from the fridge. Enjoy local products 24\/7.","og_url":"https:\/\/vagabondclub.com\/berlin\/en\/food-drink\/","og_site_name":"Berlin","article_modified_time":"2024-10-16T13:31:17+00:00","twitter_card":"summary_large_image","schema":{"@context":"https:\/\/schema.org","@graph":[{"@type":"WebPage","@id":"https:\/\/vagabondclub.com\/berlin\/en\/food-drink\/","url":"https:\/\/vagabondclub.com\/berlin\/en\/food-drink\/","name":"Food & Drink At Berlin Townhouse | Vagabond Club","isPartOf":{"@id":"https:\/\/vagabondclub.com\/berlin\/en\/#website"},"datePublished":"2021-07-25T15:02:58+00:00","dateModified":"2024-10-16T13:31:17+00:00","description":"Looking for a snack? There is always something special to grab from the fridge. Enjoy local products 24\/7.","breadcrumb":{"@id":"https:\/\/vagabondclub.com\/berlin\/en\/food-drink\/#breadcrumb"},"inLanguage":"en-US","potentialAction":[{"@type":"ReadAction","target":["https:\/\/vagabondclub.com\/berlin\/en\/food-drink\/"]}]},{"@type":"BreadcrumbList","@id":"https:\/\/vagabondclub.com\/berlin\/en\/food-drink\/#breadcrumb","itemListElement":[{"@type":"ListItem","position":1,"name":"Startseite","item":"https:\/\/vagabondclub.com\/berlin\/en\/"},{"@type":"ListItem","position":2,"name":"Food &amp; Drink"}]},{"@type":"WebSite","@id":"https:\/\/vagabondclub.com\/berlin\/en\/#website","url":"https:\/\/vagabondclub.com\/berlin\/en\/","name":"Berlin","description":"Just another Vagabond Sites site","potentialAction":[{"@type":"SearchAction","target":{"@type":"EntryPoint","urlTemplate":"https:\/\/vagabondclub.com\/berlin\/en\/?s={search_term_string}"},"query-input":{"@type":"PropertyValueSpecification","valueRequired":true,"valueName":"search_term_string"}}],"inLanguage":"en-US"}]}},"jetpack_sharing_enabled":true,"_links":{"self":[{"href":"https:\/\/vagabondclub.com\/berlin\/en\/wp-json\/wp\/v2\/pages\/111","targetHints":{"allow":["GET"]}}],"collection":[{"href":"https:\/\/vagabondclub.com\/berlin\/en\/wp-json\/wp\/v2\/pages"}],"about":[{"href":"https:\/\/vagabondclub.com\/berlin\/en\/wp-json\/wp\/v2\/types\/page"}],"author":[{"embeddable":true,"href":"https:\/\/vagabondclub.com\/berlin\/en\/wp-json\/wp\/v2\/users\/1"}],"replies":[{"embeddable":true,"href":"https:\/\/vagabondclub.com\/berlin\/en\/wp-json\/wp\/v2\/comments?post=111"}],"version-history":[{"count":5,"href":"https:\/\/vagabondclub.com\/berlin\/en\/wp-json\/wp\/v2\/pages\/111\/revisions"}],"predecessor-version":[{"id":2856,"href":"https:\/\/vagabondclub.com\/berlin\/en\/wp-json\/wp\/v2\/pages\/111\/revisions\/2856"}],"wp:attachment":[{"href":"https:\/\/vagabondclub.com\/berlin\/en\/wp-json\/wp\/v2\/media?parent=111"}],"curies":[{"name":"wp","href":"https:\/\/api.w.org\/{rel}","templated":true}]}}