{"id":1573,"date":"2021-07-25T15:02:58","date_gmt":"2021-07-25T15:02:58","guid":{"rendered":"https:\/\/p-ef2bbw.project.space\/berlin\/food-drink\/"},"modified":"2024-11-11T13:04:35","modified_gmt":"2024-11-11T13:04:35","slug":"food-drink","status":"publish","type":"page","link":"https:\/\/vagabondclub.com\/berlin\/food-drink\/","title":{"rendered":"Food &amp; Drink"},"content":{"rendered":"    <section\n    class=\"row container banner-block banner-portrait justify-end items-start\"\n    id=\"block_63d4af8e476105bff3f1f20f07315598\"\n        >\n                        <div class=\"banner-portrait-inner\">\n            <div class=\"banner-portrait-content flex justify-end flex-col theme--image\">\n                                    <p class=\"mb-2 overline color-accent\">\n                        Townhouse Berlin                    <\/p>\n                                                    <h1 class=\"mb-20 md:mb-10 h-title\">Essen &amp; Trinken                                                    <span class=\"subtitle\">\n                                Die Lounge l\u00e4dt w\u00e4hrend der \u00d6ffnungszeiten der Rezeption zum Verweilen ein. Eine Auswahl an Getr\u00e4nken und Snacks steht f\u00fcr Sie bereit.                            <\/span>\n                                            <\/h1>\n                                                    <div class=\"buttons centered no-margin\">\n                                                                                                <\/div>\n                                            <\/div>\n                        <div class=\"banner-portrait-image img-abs\">\n                <img decoding=\"async\"\n            src=\"https:\/\/vagabondclub.com\/berlin\/wp-content\/uploads\/sites\/2\/2021\/10\/Dining_1_Header.jpg\"\n    \n            loading=\"lazy\"          \n    \n    onerror=\"this.onerror=null; this.src='data:image\/gif;base64,R0lGODlhAQABAIAAAMLCwgAAACH5BAAAAAAALAAAAAABAAEAAAICRAEAOw=='; this.srcset='data:image\/gif;base64,R0lGODlhAQABAIAAAMLCwgAAACH5BAAAAAAALAAAAAABAAEAAAICRAEAOw=='\"\n    alt=\"Dining_1_Header\"\n    width=\"1080\"\n    height=\"1080\"\n    class=\"\n        object-fit            \"\n\n        \n            srcset=\"https:\/\/vagabondclub.com\/berlin\/wp-content\/uploads\/sites\/2\/2021\/10\/Dining_1_Header-188x188.jpg 188w, https:\/\/vagabondclub.com\/berlin\/wp-content\/uploads\/sites\/2\/2021\/10\/Dining_1_Header-375x375.jpg 375w, https:\/\/vagabondclub.com\/berlin\/wp-content\/uploads\/sites\/2\/2021\/10\/Dining_1_Header-500x500.jpg 500w, https:\/\/vagabondclub.com\/berlin\/wp-content\/uploads\/sites\/2\/2021\/10\/Dining_1_Header-640x640.jpg 640w, https:\/\/vagabondclub.com\/berlin\/wp-content\/uploads\/sites\/2\/2021\/10\/Dining_1_Header-800x800.jpg 800w, https:\/\/vagabondclub.com\/berlin\/wp-content\/uploads\/sites\/2\/2021\/10\/Dining_1_Header-1024x1024.jpg 1024w, https:\/\/vagabondclub.com\/berlin\/wp-content\/uploads\/sites\/2\/2021\/10\/Dining_1_Header.jpg 1367w, https:\/\/vagabondclub.com\/berlin\/wp-content\/uploads\/sites\/2\/2021\/10\/Dining_1_Header.jpg 1920w, https:\/\/vagabondclub.com\/berlin\/wp-content\/uploads\/sites\/2\/2021\/10\/Dining_1_Header.jpg 2200w\"\n    \n    sizes=\"auto, (max-width: 48em) 85vw, (max-width: 64em) 42vw, (min-width: 64em) 42vw\">\n            <\/div>\n                    <\/div>\n    <\/section>\n    \n\n    <section\n    class=\"row spacing container\"\n    id=\"block_90946aa82984f9eb20529f5d8c7f57af\"\n    data-aos=\"fade-up\"\n        >\n                        <div class=\"content-block text-align-center\">\n                            <p class=\"mb-1 overline color-accent\" data-aos=\"fade-up\">\n                    Unser Versprechen                <\/p>\n                                        <h2 data-aos=\"fade-up\">Zu dieser Qualit\u00e4t <br> stehen wir!                                    <\/h2>\n                                        <div data-aos=\"fade-up\">\n                    <p>Wir lieben richtig gute Produkte und bieten nur an, was uns geschmacklich, handwerklich und nachhaltig \u00fcberzeugt. Dazu suchen wir f\u00fcr Sie immer das Beste aus, was die B\u00e4cker, Fischer, Metzger und Landwirte vor Ort zu bieten haben.<\/p>\n                <\/div>\n                                <\/div>\n    <\/section>\n    \n\n    <section\n    class=\"row spacing img-content-row\"\n    id=\"block_799d5705ab5597a9abcd9c6805c862df\"\n        >\n                        <div class=\"img-content container image-text\">\n            <div class=\"img\" data-aos=\"fade-up\">\n                                    <div class=\"image-carousel js-image-carousel img-abs\">\n                                                    <img decoding=\"async\"\n            src=\"https:\/\/vagabondclub.com\/berlin\/wp-content\/uploads\/sites\/2\/2021\/10\/Dining_2_Breakfast-1367x769.jpg\"\n    \n            loading=\"lazy\"          \n    \n    onerror=\"this.onerror=null; this.src='data:image\/gif;base64,R0lGODlhAQABAIAAAMLCwgAAACH5BAAAAAAALAAAAAABAAEAAAICRAEAOw=='; this.srcset='data:image\/gif;base64,R0lGODlhAQABAIAAAMLCwgAAACH5BAAAAAAALAAAAAABAAEAAAICRAEAOw=='\"\n    alt=\"Dining_2_Breakfast\"\n    width=\"1367\"\n    height=\"769\"\n    class=\"\n        object-fit            \"\n\n        \n            srcset=\"https:\/\/vagabondclub.com\/berlin\/wp-content\/uploads\/sites\/2\/2021\/10\/Dining_2_Breakfast-188x106.jpg 188w, https:\/\/vagabondclub.com\/berlin\/wp-content\/uploads\/sites\/2\/2021\/10\/Dining_2_Breakfast-375x211.jpg 375w, https:\/\/vagabondclub.com\/berlin\/wp-content\/uploads\/sites\/2\/2021\/10\/Dining_2_Breakfast-500x281.jpg 500w, https:\/\/vagabondclub.com\/berlin\/wp-content\/uploads\/sites\/2\/2021\/10\/Dining_2_Breakfast-640x360.jpg 640w, https:\/\/vagabondclub.com\/berlin\/wp-content\/uploads\/sites\/2\/2021\/10\/Dining_2_Breakfast-800x450.jpg 800w, https:\/\/vagabondclub.com\/berlin\/wp-content\/uploads\/sites\/2\/2021\/10\/Dining_2_Breakfast-1024x576.jpg 1024w, https:\/\/vagabondclub.com\/berlin\/wp-content\/uploads\/sites\/2\/2021\/10\/Dining_2_Breakfast-1367x769.jpg 1367w, https:\/\/vagabondclub.com\/berlin\/wp-content\/uploads\/sites\/2\/2021\/10\/Dining_2_Breakfast.jpg 1920w, https:\/\/vagabondclub.com\/berlin\/wp-content\/uploads\/sites\/2\/2021\/10\/Dining_2_Breakfast.jpg 2200w\"\n    \n    sizes=\"auto, (max-width: 48em) 85vw, (max-width: 64em) 42vw, (min-width: 64em) 42vw\">\n                                            <\/div>\n                    \n                                                <\/div>\n\n            <div class=\"content\">\n                <div class=\"content-inner\">\n                    <header>\n                                                    <p class=\"mb-4 overline color-accent flex items-center\" data-aos=\"fade-up\">\n                                Fr\u00fchst\u00fcck                                <span class=\"divider flex-grow\"><\/span>\n                            <\/p>\n                        \n                                                    <h2 data-aos=\"fade-up\">Der Breakfast Club                                                                    <span class=\"subtitle\" data-aos=\"fade-up\" data-aos-delay=\"50\">\n                                        New York Style                                    <\/span>\n                                                            <\/h2>\n                                            <\/header>\n\n                    <article class=\"content-wrap\" data-aos=\"fade-up\" data-aos-delay=\"150\">\n                        <p>Im Breakfast Club Berlin wird Fr\u00fchst\u00fcck im New York Style serviert, der Kaffee nach Ihrer Wahl frisch aus dem Siebtr\u00e4ger zubereitet.\u00a0 Die Kaffeebohnen kommen aus einer Berliner Kaffeer\u00f6sterei, s\u00e4mtliche Sauerteig-Backwaren von BioB\u00e4ckerei &amp; Caf\u00e9.<\/p>\n<p>Bewusster Anbau und Fair Trade haben oberste Priorit\u00e4t.<\/p>\n<p>Frische S\u00e4fte und Smoothies kommen von der Charlottenburger SaftOase. W\u00e4hlen Sie sich Ihre Etagere und erg\u00e4nzen Sie diese nach Belieben mit S\u00fc\u00dfem oder Herzhaftem aus der \u00c0-la-carte-Auswahl.<\/p>\n<p><b>T\u00e4glich<\/b><\/p>\n<p>7.00 &#8211; 11.00 Uhr<\/p>\n                    <\/article>\n                    \n                                            <div class=\"buttons\" data-aos=\"fade-up\" data-aos-delay=\"150\">\n                                                                                                <a class=\"button secondary\" href=\"https:\/\/vagabondclub.com\/berlin\/wp-content\/uploads\/sites\/2\/2024\/10\/DE_TownhouseBerlin_BreakfastClub_A3_Okt24_WEB.pdf\" target=\"_blank\" rel=\"noopener\">\n                                        Zum Men\u00fc                                    <\/a>\n                                                                                    <\/div>\n                                    <\/div>\n            <\/div>\n        <\/div>\n    <\/section>\n    \n\n    <section\n    class=\"row spacing gallery-carousel-row theme--dark\"\n    id=\"block_2edecbd5e45eeb681b4441bc6ab14a33\"\n        >\n                        <div class=\"gallery-carousel-wrapper\" data-aos=\"fade-up\">\n            <a href=\"#\" class=\"gallery-carousel-control gallery-carousel-prev js-gallery-prev\"><div class=\"fitty prev\"><div class=\"text\">Previous<\/div><\/div><\/a>\n            <a href=\"#\" class=\"gallery-carousel-control gallery-carousel-next js-gallery-next\"><div class=\"fitty next\"><div class=\"text\">Next<\/div><\/div><\/a>\n            <div class=\"gallery-carousel js-gallery-carousel\">\n                                    <div class=\"gallery-carousel-slide\">\n                        <div class=\"gallery-carousel-slide-img img-abs\">\n                            <img decoding=\"async\"\n            src=\"https:\/\/vagabondclub.com\/berlin\/wp-content\/uploads\/sites\/2\/2021\/10\/Dining_3_Slider.jpg\"\n    \n            loading=\"lazy\"          \n    \n    onerror=\"this.onerror=null; this.src='data:image\/gif;base64,R0lGODlhAQABAIAAAMLCwgAAACH5BAAAAAAALAAAAAABAAEAAAICRAEAOw=='; this.srcset='data:image\/gif;base64,R0lGODlhAQABAIAAAMLCwgAAACH5BAAAAAAALAAAAAABAAEAAAICRAEAOw=='\"\n    alt=\"Dining_3_Slider\"\n    width=\"1920\"\n    height=\"1080\"\n    class=\"\n        object-fit            \"\n\n        \n            srcset=\"https:\/\/vagabondclub.com\/berlin\/wp-content\/uploads\/sites\/2\/2021\/10\/Dining_3_Slider-188x106.jpg 188w, https:\/\/vagabondclub.com\/berlin\/wp-content\/uploads\/sites\/2\/2021\/10\/Dining_3_Slider-375x211.jpg 375w, https:\/\/vagabondclub.com\/berlin\/wp-content\/uploads\/sites\/2\/2021\/10\/Dining_3_Slider-500x281.jpg 500w, https:\/\/vagabondclub.com\/berlin\/wp-content\/uploads\/sites\/2\/2021\/10\/Dining_3_Slider-640x360.jpg 640w, https:\/\/vagabondclub.com\/berlin\/wp-content\/uploads\/sites\/2\/2021\/10\/Dining_3_Slider-800x450.jpg 800w, https:\/\/vagabondclub.com\/berlin\/wp-content\/uploads\/sites\/2\/2021\/10\/Dining_3_Slider-1024x576.jpg 1024w, https:\/\/vagabondclub.com\/berlin\/wp-content\/uploads\/sites\/2\/2021\/10\/Dining_3_Slider-1367x769.jpg 1367w, https:\/\/vagabondclub.com\/berlin\/wp-content\/uploads\/sites\/2\/2021\/10\/Dining_3_Slider.jpg 1920w, https:\/\/vagabondclub.com\/berlin\/wp-content\/uploads\/sites\/2\/2021\/10\/Dining_3_Slider.jpg 2200w\"\n    \n    sizes=\"auto, (max-width: 48em) 85vw, (max-width: 64em) 83vw, (min-width: 64em) 83vw\">\n                        <\/div>\n\n                                            <\/div>\n                                    <div class=\"gallery-carousel-slide\">\n                        <div class=\"gallery-carousel-slide-img img-abs\">\n                            <img decoding=\"async\"\n            src=\"https:\/\/vagabondclub.com\/berlin\/wp-content\/uploads\/sites\/2\/2023\/03\/Vagabond_Berlin-185-1920x1920.jpg\"\n    \n            loading=\"lazy\"          \n    \n    onerror=\"this.onerror=null; this.src='data:image\/gif;base64,R0lGODlhAQABAIAAAMLCwgAAACH5BAAAAAAALAAAAAABAAEAAAICRAEAOw=='; this.srcset='data:image\/gif;base64,R0lGODlhAQABAIAAAMLCwgAAACH5BAAAAAAALAAAAAABAAEAAAICRAEAOw=='\"\n    alt=\"Vagabond_Berlin-185\"\n    width=\"1920\"\n    height=\"1920\"\n    class=\"\n        object-fit            \"\n\n        \n            srcset=\"https:\/\/vagabondclub.com\/berlin\/wp-content\/uploads\/sites\/2\/2023\/03\/Vagabond_Berlin-185-188x188.jpg 188w, https:\/\/vagabondclub.com\/berlin\/wp-content\/uploads\/sites\/2\/2023\/03\/Vagabond_Berlin-185-375x375.jpg 375w, https:\/\/vagabondclub.com\/berlin\/wp-content\/uploads\/sites\/2\/2023\/03\/Vagabond_Berlin-185-500x500.jpg 500w, https:\/\/vagabondclub.com\/berlin\/wp-content\/uploads\/sites\/2\/2023\/03\/Vagabond_Berlin-185-640x640.jpg 640w, https:\/\/vagabondclub.com\/berlin\/wp-content\/uploads\/sites\/2\/2023\/03\/Vagabond_Berlin-185-800x800.jpg 800w, https:\/\/vagabondclub.com\/berlin\/wp-content\/uploads\/sites\/2\/2023\/03\/Vagabond_Berlin-185-1024x1024.jpg 1024w, https:\/\/vagabondclub.com\/berlin\/wp-content\/uploads\/sites\/2\/2023\/03\/Vagabond_Berlin-185-1367x1367.jpg 1367w, https:\/\/vagabondclub.com\/berlin\/wp-content\/uploads\/sites\/2\/2023\/03\/Vagabond_Berlin-185-1920x1920.jpg 1920w, https:\/\/vagabondclub.com\/berlin\/wp-content\/uploads\/sites\/2\/2023\/03\/Vagabond_Berlin-185.jpg 2200w\"\n    \n    sizes=\"auto, (max-width: 48em) 85vw, (max-width: 64em) 83vw, (min-width: 64em) 83vw\">\n                        <\/div>\n\n                                            <\/div>\n                                    <div class=\"gallery-carousel-slide\">\n                        <div class=\"gallery-carousel-slide-img img-abs\">\n                            <img decoding=\"async\"\n            src=\"https:\/\/vagabondclub.com\/berlin\/wp-content\/uploads\/sites\/2\/2023\/03\/Vagabond_Berlin-170-1920x1280.jpg\"\n    \n            loading=\"lazy\"          \n    \n    onerror=\"this.onerror=null; this.src='data:image\/gif;base64,R0lGODlhAQABAIAAAMLCwgAAACH5BAAAAAAALAAAAAABAAEAAAICRAEAOw=='; this.srcset='data:image\/gif;base64,R0lGODlhAQABAIAAAMLCwgAAACH5BAAAAAAALAAAAAABAAEAAAICRAEAOw=='\"\n    alt=\"Vagabond_Berlin-170\"\n    width=\"1920\"\n    height=\"1280\"\n    class=\"\n        object-fit            \"\n\n        \n            srcset=\"https:\/\/vagabondclub.com\/berlin\/wp-content\/uploads\/sites\/2\/2023\/03\/Vagabond_Berlin-170-188x125.jpg 188w, https:\/\/vagabondclub.com\/berlin\/wp-content\/uploads\/sites\/2\/2023\/03\/Vagabond_Berlin-170-375x250.jpg 375w, https:\/\/vagabondclub.com\/berlin\/wp-content\/uploads\/sites\/2\/2023\/03\/Vagabond_Berlin-170-500x333.jpg 500w, https:\/\/vagabondclub.com\/berlin\/wp-content\/uploads\/sites\/2\/2023\/03\/Vagabond_Berlin-170-640x427.jpg 640w, https:\/\/vagabondclub.com\/berlin\/wp-content\/uploads\/sites\/2\/2023\/03\/Vagabond_Berlin-170-800x533.jpg 800w, https:\/\/vagabondclub.com\/berlin\/wp-content\/uploads\/sites\/2\/2023\/03\/Vagabond_Berlin-170-1024x683.jpg 1024w, https:\/\/vagabondclub.com\/berlin\/wp-content\/uploads\/sites\/2\/2023\/03\/Vagabond_Berlin-170-1367x912.jpg 1367w, https:\/\/vagabondclub.com\/berlin\/wp-content\/uploads\/sites\/2\/2023\/03\/Vagabond_Berlin-170-1920x1280.jpg 1920w, https:\/\/vagabondclub.com\/berlin\/wp-content\/uploads\/sites\/2\/2023\/03\/Vagabond_Berlin-170.jpg 2200w\"\n    \n    sizes=\"auto, (max-width: 48em) 85vw, (max-width: 64em) 83vw, (min-width: 64em) 83vw\">\n                        <\/div>\n\n                                            <\/div>\n                            <\/div>\n\n            <div class=\"slick-controls flex justify-center items-center\">\n                <a href=\"#\" class=\"js-gallery-prev slick-control\" title=\"Previous slide\"><svg width=\"24\" height=\"24\" xmlns=\"http:\/\/www.w3.org\/2000\/svg\" viewBox=\"0 0 48 48\"><title>Previous<\/title><g class=\"caret-left\"><polyline class=\"arrowhead\" points=\"29.018 36.036 16.982 24 29.018 11.964\" fill=\"none\" stroke=\"currentColor\" stroke-linecap=\"round\" stroke-linejoin=\"round\" stroke-width=\"3\"\/><\/g><\/svg><\/a>\n                <div class=\"slick-dots gallery-dots\"><\/div>\n                <a href=\"#\" class=\"js-gallery-next slick-control\" title=\"Next slide\"><svg width=\"24\" height=\"24\" xmlns=\"http:\/\/www.w3.org\/2000\/svg\" viewBox=\"0 0 48 48\"><title>Next<\/title><g class=\"caret-right\"><polyline class=\"arrowhead\" points=\"18.982 11.964 31.018 24 18.982 36.036\" fill=\"none\" stroke=\"currentColor\" stroke-linecap=\"round\" stroke-linejoin=\"round\" stroke-width=\"3\"\/><\/g><\/svg><\/a>\n            <\/div>\n        <\/div>\n    <\/section>\n    ","protected":false},"excerpt":{"rendered":"","protected":false},"author":1,"featured_media":2032,"parent":0,"menu_order":0,"comment_status":"closed","ping_status":"closed","template":"","meta":{"_acf_changed":false,"inline_featured_image":false,"footnotes":""},"class_list":["post-1573","page","type-page","status-publish","has-post-thumbnail","hentry"],"acf":[],"yoast_head":"<!-- This site is optimized with the Yoast SEO plugin v27.3 - https:\/\/yoast.com\/product\/yoast-seo-wordpress\/ -->\n<title>Food &amp; Drink - Berlin<\/title>\n<meta name=\"description\" content=\"Die Lounge l\u00e4dt w\u00e4hrend der \u00d6ffnungszeiten der Rezeption zum Verweilen ein.\" \/>\n<meta name=\"robots\" content=\"index, follow, max-snippet:-1, max-image-preview:large, max-video-preview:-1\" \/>\n<link rel=\"canonical\" href=\"https:\/\/vagabondclub.com\/berlin\/food-drink\/\" \/>\n<meta property=\"og:locale\" content=\"de_DE\" \/>\n<meta property=\"og:type\" content=\"article\" \/>\n<meta property=\"og:title\" content=\"Food &amp; Drink - Berlin\" \/>\n<meta property=\"og:description\" content=\"Die Lounge l\u00e4dt w\u00e4hrend der \u00d6ffnungszeiten der Rezeption zum Verweilen ein.\" \/>\n<meta property=\"og:url\" content=\"https:\/\/vagabondclub.com\/berlin\/food-drink\/\" \/>\n<meta property=\"og:site_name\" content=\"Berlin\" \/>\n<meta property=\"article:modified_time\" content=\"2024-11-11T13:04:35+00:00\" \/>\n<meta property=\"og:image\" content=\"https:\/\/vagabondclub.com\/berlin\/wp-content\/uploads\/sites\/2\/2021\/10\/Dining_7_Slider.jpg\" \/>\n\t<meta property=\"og:image:width\" content=\"1920\" \/>\n\t<meta property=\"og:image:height\" content=\"1080\" \/>\n\t<meta property=\"og:image:type\" content=\"image\/jpeg\" \/>\n<meta name=\"twitter:card\" content=\"summary_large_image\" \/>\n<meta name=\"twitter:label1\" content=\"Gesch\u00e4tzte Lesezeit\" \/>\n\t<meta name=\"twitter:data1\" content=\"2\u00a0Minuten\" \/>\n<script type=\"application\/ld+json\" class=\"yoast-schema-graph\">{\"@context\":\"https:\\\/\\\/schema.org\",\"@graph\":[{\"@type\":\"WebPage\",\"@id\":\"https:\\\/\\\/vagabondclub.com\\\/berlin\\\/food-drink\\\/\",\"url\":\"https:\\\/\\\/vagabondclub.com\\\/berlin\\\/food-drink\\\/\",\"name\":\"Food &amp; Drink - Berlin\",\"isPartOf\":{\"@id\":\"https:\\\/\\\/vagabondclub.com\\\/berlin\\\/en\\\/#website\"},\"primaryImageOfPage\":{\"@id\":\"https:\\\/\\\/vagabondclub.com\\\/berlin\\\/food-drink\\\/#primaryimage\"},\"image\":{\"@id\":\"https:\\\/\\\/vagabondclub.com\\\/berlin\\\/food-drink\\\/#primaryimage\"},\"thumbnailUrl\":\"https:\\\/\\\/vagabondclub.com\\\/berlin\\\/wp-content\\\/uploads\\\/sites\\\/2\\\/2021\\\/10\\\/Dining_7_Slider.jpg\",\"datePublished\":\"2021-07-25T15:02:58+00:00\",\"dateModified\":\"2024-11-11T13:04:35+00:00\",\"description\":\"Die Lounge l\u00e4dt w\u00e4hrend der \u00d6ffnungszeiten der Rezeption zum Verweilen ein.\",\"breadcrumb\":{\"@id\":\"https:\\\/\\\/vagabondclub.com\\\/berlin\\\/food-drink\\\/#breadcrumb\"},\"inLanguage\":\"de\",\"potentialAction\":[{\"@type\":\"ReadAction\",\"target\":[\"https:\\\/\\\/vagabondclub.com\\\/berlin\\\/food-drink\\\/\"]}]},{\"@type\":\"ImageObject\",\"inLanguage\":\"de\",\"@id\":\"https:\\\/\\\/vagabondclub.com\\\/berlin\\\/food-drink\\\/#primaryimage\",\"url\":\"https:\\\/\\\/vagabondclub.com\\\/berlin\\\/wp-content\\\/uploads\\\/sites\\\/2\\\/2021\\\/10\\\/Dining_7_Slider.jpg\",\"contentUrl\":\"https:\\\/\\\/vagabondclub.com\\\/berlin\\\/wp-content\\\/uploads\\\/sites\\\/2\\\/2021\\\/10\\\/Dining_7_Slider.jpg\",\"width\":1920,\"height\":1080},{\"@type\":\"BreadcrumbList\",\"@id\":\"https:\\\/\\\/vagabondclub.com\\\/berlin\\\/food-drink\\\/#breadcrumb\",\"itemListElement\":[{\"@type\":\"ListItem\",\"position\":1,\"name\":\"Startseite\",\"item\":\"https:\\\/\\\/vagabondclub.com\\\/berlin\\\/\"},{\"@type\":\"ListItem\",\"position\":2,\"name\":\"Food &amp; Drink\"}]},{\"@type\":\"WebSite\",\"@id\":\"https:\\\/\\\/vagabondclub.com\\\/berlin\\\/en\\\/#website\",\"url\":\"https:\\\/\\\/vagabondclub.com\\\/berlin\\\/en\\\/\",\"name\":\"Berlin\",\"description\":\"Just another Vagabond Sites site\",\"potentialAction\":[{\"@type\":\"SearchAction\",\"target\":{\"@type\":\"EntryPoint\",\"urlTemplate\":\"https:\\\/\\\/vagabondclub.com\\\/berlin\\\/en\\\/?s={search_term_string}\"},\"query-input\":{\"@type\":\"PropertyValueSpecification\",\"valueRequired\":true,\"valueName\":\"search_term_string\"}}],\"inLanguage\":\"de\"}]}<\/script>\n<!-- \/ Yoast SEO plugin. -->","yoast_head_json":{"title":"Food &amp; Drink - Berlin","description":"Die Lounge l\u00e4dt w\u00e4hrend der \u00d6ffnungszeiten der Rezeption zum Verweilen ein.","robots":{"index":"index","follow":"follow","max-snippet":"max-snippet:-1","max-image-preview":"max-image-preview:large","max-video-preview":"max-video-preview:-1"},"canonical":"https:\/\/vagabondclub.com\/berlin\/food-drink\/","og_locale":"de_DE","og_type":"article","og_title":"Food &amp; Drink - Berlin","og_description":"Die Lounge l\u00e4dt w\u00e4hrend der \u00d6ffnungszeiten der Rezeption zum Verweilen ein.","og_url":"https:\/\/vagabondclub.com\/berlin\/food-drink\/","og_site_name":"Berlin","article_modified_time":"2024-11-11T13:04:35+00:00","og_image":[{"width":1920,"height":1080,"url":"https:\/\/vagabondclub.com\/berlin\/wp-content\/uploads\/sites\/2\/2021\/10\/Dining_7_Slider.jpg","type":"image\/jpeg"}],"twitter_card":"summary_large_image","twitter_misc":{"Gesch\u00e4tzte Lesezeit":"2\u00a0Minuten"},"schema":{"@context":"https:\/\/schema.org","@graph":[{"@type":"WebPage","@id":"https:\/\/vagabondclub.com\/berlin\/food-drink\/","url":"https:\/\/vagabondclub.com\/berlin\/food-drink\/","name":"Food &amp; Drink - Berlin","isPartOf":{"@id":"https:\/\/vagabondclub.com\/berlin\/en\/#website"},"primaryImageOfPage":{"@id":"https:\/\/vagabondclub.com\/berlin\/food-drink\/#primaryimage"},"image":{"@id":"https:\/\/vagabondclub.com\/berlin\/food-drink\/#primaryimage"},"thumbnailUrl":"https:\/\/vagabondclub.com\/berlin\/wp-content\/uploads\/sites\/2\/2021\/10\/Dining_7_Slider.jpg","datePublished":"2021-07-25T15:02:58+00:00","dateModified":"2024-11-11T13:04:35+00:00","description":"Die Lounge l\u00e4dt w\u00e4hrend der \u00d6ffnungszeiten der Rezeption zum Verweilen ein.","breadcrumb":{"@id":"https:\/\/vagabondclub.com\/berlin\/food-drink\/#breadcrumb"},"inLanguage":"de","potentialAction":[{"@type":"ReadAction","target":["https:\/\/vagabondclub.com\/berlin\/food-drink\/"]}]},{"@type":"ImageObject","inLanguage":"de","@id":"https:\/\/vagabondclub.com\/berlin\/food-drink\/#primaryimage","url":"https:\/\/vagabondclub.com\/berlin\/wp-content\/uploads\/sites\/2\/2021\/10\/Dining_7_Slider.jpg","contentUrl":"https:\/\/vagabondclub.com\/berlin\/wp-content\/uploads\/sites\/2\/2021\/10\/Dining_7_Slider.jpg","width":1920,"height":1080},{"@type":"BreadcrumbList","@id":"https:\/\/vagabondclub.com\/berlin\/food-drink\/#breadcrumb","itemListElement":[{"@type":"ListItem","position":1,"name":"Startseite","item":"https:\/\/vagabondclub.com\/berlin\/"},{"@type":"ListItem","position":2,"name":"Food &amp; Drink"}]},{"@type":"WebSite","@id":"https:\/\/vagabondclub.com\/berlin\/en\/#website","url":"https:\/\/vagabondclub.com\/berlin\/en\/","name":"Berlin","description":"Just another Vagabond Sites site","potentialAction":[{"@type":"SearchAction","target":{"@type":"EntryPoint","urlTemplate":"https:\/\/vagabondclub.com\/berlin\/en\/?s={search_term_string}"},"query-input":{"@type":"PropertyValueSpecification","valueRequired":true,"valueName":"search_term_string"}}],"inLanguage":"de"}]}},"jetpack_sharing_enabled":true,"_links":{"self":[{"href":"https:\/\/vagabondclub.com\/berlin\/wp-json\/wp\/v2\/pages\/1573","targetHints":{"allow":["GET"]}}],"collection":[{"href":"https:\/\/vagabondclub.com\/berlin\/wp-json\/wp\/v2\/pages"}],"about":[{"href":"https:\/\/vagabondclub.com\/berlin\/wp-json\/wp\/v2\/types\/page"}],"author":[{"embeddable":true,"href":"https:\/\/vagabondclub.com\/berlin\/wp-json\/wp\/v2\/users\/1"}],"replies":[{"embeddable":true,"href":"https:\/\/vagabondclub.com\/berlin\/wp-json\/wp\/v2\/comments?post=1573"}],"version-history":[{"count":5,"href":"https:\/\/vagabondclub.com\/berlin\/wp-json\/wp\/v2\/pages\/1573\/revisions"}],"predecessor-version":[{"id":2855,"href":"https:\/\/vagabondclub.com\/berlin\/wp-json\/wp\/v2\/pages\/1573\/revisions\/2855"}],"wp:featuredmedia":[{"embeddable":true,"href":"https:\/\/vagabondclub.com\/berlin\/wp-json\/wp\/v2\/media\/2032"}],"wp:attachment":[{"href":"https:\/\/vagabondclub.com\/berlin\/wp-json\/wp\/v2\/media?parent=1573"}],"curies":[{"name":"wp","href":"https:\/\/api.w.org\/{rel}","templated":true}]}}