{"id":1647,"date":"2021-08-02T09:52:38","date_gmt":"2021-08-02T09:52:38","guid":{"rendered":"https:\/\/p-ef2bbw.project.space\/berlin\/?page_id=1647"},"modified":"2026-03-02T13:21:37","modified_gmt":"2026-03-02T13:21:37","slug":"impressum","status":"publish","type":"page","link":"https:\/\/vagabondclub.com\/berlin\/impressum\/","title":{"rendered":"Impressum"},"content":{"rendered":"    <div class=\" banner-hotel-container \">\n    <section\n    class=\"row container banner-hotel-block banner-block  flex justify-center items-center flex-col theme--image\"\n    id=\"block_acb6e75cb817cfd0848d2a86c597f881\"\n        >\n                    <div class=\"block-bg-img bg-grey no-overlay\">\n                <img loading=\"lazy\" decoding=\"async\"\n            src=\"https:\/\/vagabondclub.com\/berlin\/wp-content\/uploads\/sites\/2\/2022\/04\/TH_Berlin_Bistro-6.jpg\"\n    \n    \n    onerror=\"this.onerror=null; this.src='data:image\/gif;base64,R0lGODlhAQABAIAAAMLCwgAAACH5BAAAAAAALAAAAAABAAEAAAICRAEAOw=='; this.srcset='data:image\/gif;base64,R0lGODlhAQABAIAAAMLCwgAAACH5BAAAAAAALAAAAAABAAEAAAICRAEAOw=='\"\n    alt=\"TH_Berlin_Bistro-6\"\n    width=\"1642\"\n    height=\"1095\"\n    class=\"\n        object-fit        img-gray    \"\n\n        \n            srcset=\"https:\/\/vagabondclub.com\/berlin\/wp-content\/uploads\/sites\/2\/2022\/04\/TH_Berlin_Bistro-6-188x125.jpg 188w, https:\/\/vagabondclub.com\/berlin\/wp-content\/uploads\/sites\/2\/2022\/04\/TH_Berlin_Bistro-6-375x250.jpg 375w, https:\/\/vagabondclub.com\/berlin\/wp-content\/uploads\/sites\/2\/2022\/04\/TH_Berlin_Bistro-6-500x333.jpg 500w, https:\/\/vagabondclub.com\/berlin\/wp-content\/uploads\/sites\/2\/2022\/04\/TH_Berlin_Bistro-6-640x427.jpg 640w, https:\/\/vagabondclub.com\/berlin\/wp-content\/uploads\/sites\/2\/2022\/04\/TH_Berlin_Bistro-6-800x533.jpg 800w, https:\/\/vagabondclub.com\/berlin\/wp-content\/uploads\/sites\/2\/2022\/04\/TH_Berlin_Bistro-6-1024x683.jpg 1024w, https:\/\/vagabondclub.com\/berlin\/wp-content\/uploads\/sites\/2\/2022\/04\/TH_Berlin_Bistro-6-1367x912.jpg 1367w, https:\/\/vagabondclub.com\/berlin\/wp-content\/uploads\/sites\/2\/2022\/04\/TH_Berlin_Bistro-6.jpg 1920w, https:\/\/vagabondclub.com\/berlin\/wp-content\/uploads\/sites\/2\/2022\/04\/TH_Berlin_Bistro-6.jpg 2200w\"\n    \n    sizes=\"auto, (max-width: 48em) 100vw, (max-width: 64em) 100vw, (min-width: 64em) 100vw\">\n            <\/div>\n                        <div class=\"banner-content-block theme--default\">\n                                        <p class=\"mb-2 overline color-accent\">\n                    Vagabond Club                <\/p>\n                                        <h1 class=\"mb-8 h-title\">Impressum                                    <\/h1>\n                                        <div class=\"buttons centered no-margin\">\n                                                                        <a class=\"button  primary\" href=\"#contact-form\" >\n                                Contact                            <\/a>\n                                                            <\/div>\n                    <\/div>\n            <\/section>\n    <\/div>\n    \n\n\n<h2 class=\"wp-block-heading\" id=\"impressum\">Impressum<\/h2>\n\n\n\n<h3 class=\"wp-block-heading\" id=\"townhouse-berlin-a-vagabond-club\">Townhouse Berlin a Vagabond Club<\/h3>\n\n\n\n<h4 class=\"wp-block-heading has-black-color has-text-color has-link-color wp-elements-548a105f6ee4970bdf7ad2c9eb40b314\" id=\"offenlegung-nach-25-mediengesetz-kennzeichnung-nach-ugb-und-ecg\"><\/h4>\n\n\n\n<p><strong>Angaben gem\u00e4\u00df \u00a7 5 DDG<\/strong>&nbsp;<\/p>\n\n\n\n<p><strong>Betreibergesellschaft:<\/strong>&nbsp;<\/p>\n\n\n\n<p>Townhouse Berlin GmbH&nbsp;<\/p>\n\n\n\n<p>Hauptstra\u00dfe 66&nbsp;<\/p>\n\n\n\n<p>12159 Berlin&nbsp;<\/p>\n\n\n\n<p><strong>Gesch\u00e4ftsf\u00fchrung:\u202f<\/strong>&nbsp;<\/p>\n\n\n\n<p>Benedikt de Bruyn; Gordon Geiser\u00a0<\/p>\n\n\n\n<p><strong>Kontaktinformation:<\/strong>&nbsp;<\/p>\n\n\n\n<p>Tel: +49 30 773 27 80 &#8211; 0&nbsp;<\/p>\n\n\n\n<p>Fax: +49 30 773 27 80 &#8211; 29&nbsp;<\/p>\n\n\n\n<p>E-Mail: info@revo-h.com&nbsp;<\/p>\n\n\n\n<p>Web:&nbsp;<a href=\"http:\/\/www.revo-h.com\/\" target=\"_blank\" rel=\"noreferrer noopener\">www.revo-h.com<\/a>&nbsp;<\/p>\n\n\n\n<p><strong>Anschrift und Kontakt Hotel (f\u00fcr Kundenanfragen):<\/strong>&nbsp;<\/p>\n\n\n\n<p>Townhouse Berlin&nbsp;&nbsp;<\/p>\n\n\n\n<p>Goethestra\u00dfe 87&nbsp;<\/p>\n\n\n\n<p>10623 Berlin&nbsp;<\/p>\n\n\n\n<p>Deutschland&nbsp;<\/p>\n\n\n\n<p>Tel: +49 30 437470&nbsp;<\/p>\n\n\n\n<p>E-Mail: townhouse.berlin@vagabondclub.com&nbsp;<\/p>\n\n\n\n<p>Web: https:\/\/vagabondclub.com\/berlin\/&nbsp;<\/p>\n\n\n\n<p><strong>Registereintrag:<\/strong>&nbsp;<\/p>\n\n\n\n<p>Sitz der Gesellschaft: Berlin&nbsp;<\/p>\n\n\n\n<p>Registergericht: Amtsgericht Berlin-Charlottenburg&nbsp;<\/p>\n\n\n\n<p>Reg. Nr.:&nbsp;HRB 225002 B&nbsp;<\/p>\n\n\n\n<p><strong>USt-ID Nr.:<\/strong>&nbsp;DE340581471&nbsp;<\/p>\n\n\n\n<p><strong>T\u00e4tigkeitsbereich:<\/strong>&nbsp;<\/p>\n\n\n\n<p>Hotellerie, Hotelbetrieb, Hotelmanagement und Projektentwicklung&nbsp;<\/p>\n\n\n\n<p><strong>Haftung f\u00fcr Inhalte und externe Links (\u00a7 7\u201310 TMG)<\/strong>&nbsp;<\/p>\n\n\n\n<p>Die Inhalte dieser Webseite werden mit gr\u00f6\u00dftm\u00f6glicher Sorgfalt erstellt und regelm\u00e4\u00dfig aktualisiert. F\u00fcr die Richtigkeit, Vollst\u00e4ndigkeit und Aktualit\u00e4t \u00fcbernehmen wir jedoch keine Gew\u00e4hr. Als Diensteanbieter sind wir gem\u00e4\u00df \u00a7\u202f7 Abs.\u202f1 TMG f\u00fcr eigene Inhalte verantwortlich. Nach \u00a7\u00a7\u202f8\u201310 TMG besteht keine Verpflichtung, \u00fcbermittelte oder gespeicherte fremde Informationen zu \u00fcberwachen. Diese Webseite enth\u00e4lt Links zu externen Webseiten, auf deren Inhalte wir keinen Einfluss haben.&nbsp;<br>F\u00fcr die Inhalte der verlinkten<strong>&nbsp;<\/strong>Seiten sind ausschlie\u00dflich deren Betreiber verantwortlich.&nbsp;<\/p>\n\n\n\n<p><strong>Urheberrecht<\/strong>&nbsp;<\/p>\n\n\n\n<p>Alle Inhalte dieser Webseite sind urheberrechtlich gesch\u00fctzt. Eine Verwendung \u00fcber die gesetzlich zul\u00e4ssigen Grenzen hinaus bedarf der vorherigen schriftlichen Zustimmung, soweit nicht anders gekennzeichnet.&nbsp;<\/p>\n\n\n\n<p><strong>Verbraucherstreitbeilegung:<\/strong>&nbsp;<\/p>\n\n\n\n<p>Wir sind nicht bereit und nicht verpflichtet, an Streitbeilegungsverfahren vor einer Verbraucherschlichtungsstelle teilzunehmen.&nbsp;<\/p>\n\n\n\n<p><strong>Anwendbares Recht:<\/strong>&nbsp;<\/p>\n\n\n\n<p>Die rechtlichen Hinweise auf dieser Seite sowie alle Fragen und Streitigkeiten im Zusammenhang mit dieser Webseite unterliegen dem Recht der Bundesrepublik Deutschland.&nbsp;<\/p>\n\n\n\n<p>*Das Unternehmen ist Teil der Revo Hospitality Group.&nbsp;<\/p>\n\n\n\n<p><\/p>\n\n\n\n<p class=\"has-black-color has-text-color has-link-color wp-elements-9ac00cf961d1ea846fe5a532228b76c6\"><\/p>\n\n\n\n<p><\/p>\n","protected":false},"excerpt":{"rendered":"<p>Impressum Townhouse Berlin a Vagabond Club Angaben gem\u00e4\u00df \u00a7 5 DDG&nbsp; Betreibergesellschaft:&nbsp; Townhouse Berlin GmbH&nbsp; Hauptstra\u00dfe 66&nbsp; 12159 Berlin&nbsp; Gesch\u00e4ftsf\u00fchrung:\u202f&nbsp;&#8230;<\/p>\n","protected":false},"author":3,"featured_media":0,"parent":0,"menu_order":0,"comment_status":"closed","ping_status":"closed","template":"","meta":{"_acf_changed":false,"inline_featured_image":false,"footnotes":""},"class_list":["post-1647","page","type-page","status-publish","hentry"],"acf":[],"yoast_head":"<!-- This site is optimized with the Yoast SEO plugin v27.3 - https:\/\/yoast.com\/product\/yoast-seo-wordpress\/ -->\n<title>Impressum - Berlin<\/title>\n<meta name=\"robots\" content=\"noindex, nofollow\" \/>\n<meta property=\"og:locale\" content=\"de_DE\" \/>\n<meta property=\"og:type\" content=\"article\" \/>\n<meta property=\"og:title\" content=\"Impressum - Berlin\" \/>\n<meta property=\"og:description\" content=\"Impressum Townhouse Berlin a Vagabond Club Angaben gem\u00e4\u00df \u00a7 5 DDG&nbsp; Betreibergesellschaft:&nbsp; Townhouse Berlin GmbH&nbsp; Hauptstra\u00dfe 66&nbsp; 12159 Berlin&nbsp; Gesch\u00e4ftsf\u00fchrung:\u202f&nbsp;...\" \/>\n<meta property=\"og:url\" content=\"https:\/\/vagabondclub.com\/berlin\/impressum\/\" \/>\n<meta property=\"og:site_name\" content=\"Berlin\" \/>\n<meta property=\"article:modified_time\" content=\"2026-03-02T13:21:37+00:00\" \/>\n<meta name=\"twitter:card\" content=\"summary_large_image\" \/>\n<meta name=\"twitter:label1\" content=\"Gesch\u00e4tzte Lesezeit\" \/>\n\t<meta name=\"twitter:data1\" content=\"2\u00a0Minuten\" \/>\n<script type=\"application\/ld+json\" class=\"yoast-schema-graph\">{\"@context\":\"https:\\\/\\\/schema.org\",\"@graph\":[{\"@type\":\"WebPage\",\"@id\":\"https:\\\/\\\/vagabondclub.com\\\/berlin\\\/impressum\\\/\",\"url\":\"https:\\\/\\\/vagabondclub.com\\\/berlin\\\/impressum\\\/\",\"name\":\"Impressum - Berlin\",\"isPartOf\":{\"@id\":\"https:\\\/\\\/vagabondclub.com\\\/berlin\\\/en\\\/#website\"},\"datePublished\":\"2021-08-02T09:52:38+00:00\",\"dateModified\":\"2026-03-02T13:21:37+00:00\",\"breadcrumb\":{\"@id\":\"https:\\\/\\\/vagabondclub.com\\\/berlin\\\/impressum\\\/#breadcrumb\"},\"inLanguage\":\"de\",\"potentialAction\":[{\"@type\":\"ReadAction\",\"target\":[\"https:\\\/\\\/vagabondclub.com\\\/berlin\\\/impressum\\\/\"]}]},{\"@type\":\"BreadcrumbList\",\"@id\":\"https:\\\/\\\/vagabondclub.com\\\/berlin\\\/impressum\\\/#breadcrumb\",\"itemListElement\":[{\"@type\":\"ListItem\",\"position\":1,\"name\":\"Startseite\",\"item\":\"https:\\\/\\\/vagabondclub.com\\\/berlin\\\/\"},{\"@type\":\"ListItem\",\"position\":2,\"name\":\"Impressum\"}]},{\"@type\":\"WebSite\",\"@id\":\"https:\\\/\\\/vagabondclub.com\\\/berlin\\\/en\\\/#website\",\"url\":\"https:\\\/\\\/vagabondclub.com\\\/berlin\\\/en\\\/\",\"name\":\"Berlin\",\"description\":\"Just another Vagabond Sites site\",\"potentialAction\":[{\"@type\":\"SearchAction\",\"target\":{\"@type\":\"EntryPoint\",\"urlTemplate\":\"https:\\\/\\\/vagabondclub.com\\\/berlin\\\/en\\\/?s={search_term_string}\"},\"query-input\":{\"@type\":\"PropertyValueSpecification\",\"valueRequired\":true,\"valueName\":\"search_term_string\"}}],\"inLanguage\":\"de\"}]}<\/script>\n<!-- \/ Yoast SEO plugin. -->","yoast_head_json":{"title":"Impressum - Berlin","robots":{"index":"noindex","follow":"nofollow"},"og_locale":"de_DE","og_type":"article","og_title":"Impressum - Berlin","og_description":"Impressum Townhouse Berlin a Vagabond Club Angaben gem\u00e4\u00df \u00a7 5 DDG&nbsp; Betreibergesellschaft:&nbsp; Townhouse Berlin GmbH&nbsp; Hauptstra\u00dfe 66&nbsp; 12159 Berlin&nbsp; Gesch\u00e4ftsf\u00fchrung:\u202f&nbsp;...","og_url":"https:\/\/vagabondclub.com\/berlin\/impressum\/","og_site_name":"Berlin","article_modified_time":"2026-03-02T13:21:37+00:00","twitter_card":"summary_large_image","twitter_misc":{"Gesch\u00e4tzte Lesezeit":"2\u00a0Minuten"},"schema":{"@context":"https:\/\/schema.org","@graph":[{"@type":"WebPage","@id":"https:\/\/vagabondclub.com\/berlin\/impressum\/","url":"https:\/\/vagabondclub.com\/berlin\/impressum\/","name":"Impressum - Berlin","isPartOf":{"@id":"https:\/\/vagabondclub.com\/berlin\/en\/#website"},"datePublished":"2021-08-02T09:52:38+00:00","dateModified":"2026-03-02T13:21:37+00:00","breadcrumb":{"@id":"https:\/\/vagabondclub.com\/berlin\/impressum\/#breadcrumb"},"inLanguage":"de","potentialAction":[{"@type":"ReadAction","target":["https:\/\/vagabondclub.com\/berlin\/impressum\/"]}]},{"@type":"BreadcrumbList","@id":"https:\/\/vagabondclub.com\/berlin\/impressum\/#breadcrumb","itemListElement":[{"@type":"ListItem","position":1,"name":"Startseite","item":"https:\/\/vagabondclub.com\/berlin\/"},{"@type":"ListItem","position":2,"name":"Impressum"}]},{"@type":"WebSite","@id":"https:\/\/vagabondclub.com\/berlin\/en\/#website","url":"https:\/\/vagabondclub.com\/berlin\/en\/","name":"Berlin","description":"Just another Vagabond Sites site","potentialAction":[{"@type":"SearchAction","target":{"@type":"EntryPoint","urlTemplate":"https:\/\/vagabondclub.com\/berlin\/en\/?s={search_term_string}"},"query-input":{"@type":"PropertyValueSpecification","valueRequired":true,"valueName":"search_term_string"}}],"inLanguage":"de"}]}},"jetpack_sharing_enabled":true,"_links":{"self":[{"href":"https:\/\/vagabondclub.com\/berlin\/wp-json\/wp\/v2\/pages\/1647","targetHints":{"allow":["GET"]}}],"collection":[{"href":"https:\/\/vagabondclub.com\/berlin\/wp-json\/wp\/v2\/pages"}],"about":[{"href":"https:\/\/vagabondclub.com\/berlin\/wp-json\/wp\/v2\/types\/page"}],"author":[{"embeddable":true,"href":"https:\/\/vagabondclub.com\/berlin\/wp-json\/wp\/v2\/users\/3"}],"replies":[{"embeddable":true,"href":"https:\/\/vagabondclub.com\/berlin\/wp-json\/wp\/v2\/comments?post=1647"}],"version-history":[{"count":5,"href":"https:\/\/vagabondclub.com\/berlin\/wp-json\/wp\/v2\/pages\/1647\/revisions"}],"predecessor-version":[{"id":2997,"href":"https:\/\/vagabondclub.com\/berlin\/wp-json\/wp\/v2\/pages\/1647\/revisions\/2997"}],"wp:attachment":[{"href":"https:\/\/vagabondclub.com\/berlin\/wp-json\/wp\/v2\/media?parent=1647"}],"curies":[{"name":"wp","href":"https:\/\/api.w.org\/{rel}","templated":true}]}}