{"id":188,"date":"2021-08-02T09:57:18","date_gmt":"2021-08-02T09:57:18","guid":{"rendered":"https:\/\/p-ef2bbw.project.space\/dresden\/?page_id=188"},"modified":"2026-03-02T13:24:16","modified_gmt":"2026-03-02T13:24:16","slug":"impressum","status":"publish","type":"page","link":"https:\/\/vagabondclub.com\/dresden\/impressum\/","title":{"rendered":"Impressum"},"content":{"rendered":"    <div class=\" banner-hotel-container \">\n    <section\n    class=\"row container banner-hotel-block banner-block  flex justify-center items-center flex-col theme--image\"\n    id=\"block_9001016dcf4cf0a7053093a7ff169adb\"\n        >\n                    <div class=\"block-bg-img bg-grey no-overlay\">\n                <img loading=\"lazy\" decoding=\"async\"\n            src=\"https:\/\/vagabondclub.com\/dresden\/wp-content\/uploads\/sites\/3\/2022\/06\/AdobeStock_74421710-1920x1536.jpeg\"\n    \n    \n    onerror=\"this.onerror=null; this.src='data:image\/gif;base64,R0lGODlhAQABAIAAAMLCwgAAACH5BAAAAAAALAAAAAABAAEAAAICRAEAOw=='; this.srcset='data:image\/gif;base64,R0lGODlhAQABAIAAAMLCwgAAACH5BAAAAAAALAAAAAABAAEAAAICRAEAOw=='\"\n    alt=\"AdobeStock_74421710\"\n    width=\"1920\"\n    height=\"1536\"\n    class=\"\n        object-fit        img-gray    \"\n\n        \n            srcset=\"https:\/\/vagabondclub.com\/dresden\/wp-content\/uploads\/sites\/3\/2022\/06\/AdobeStock_74421710-188x150.jpeg 188w, https:\/\/vagabondclub.com\/dresden\/wp-content\/uploads\/sites\/3\/2022\/06\/AdobeStock_74421710-375x300.jpeg 375w, https:\/\/vagabondclub.com\/dresden\/wp-content\/uploads\/sites\/3\/2022\/06\/AdobeStock_74421710-500x400.jpeg 500w, https:\/\/vagabondclub.com\/dresden\/wp-content\/uploads\/sites\/3\/2022\/06\/AdobeStock_74421710-640x512.jpeg 640w, https:\/\/vagabondclub.com\/dresden\/wp-content\/uploads\/sites\/3\/2022\/06\/AdobeStock_74421710-800x640.jpeg 800w, https:\/\/vagabondclub.com\/dresden\/wp-content\/uploads\/sites\/3\/2022\/06\/AdobeStock_74421710-1024x819.jpeg 1024w, https:\/\/vagabondclub.com\/dresden\/wp-content\/uploads\/sites\/3\/2022\/06\/AdobeStock_74421710-1367x1094.jpeg 1367w, https:\/\/vagabondclub.com\/dresden\/wp-content\/uploads\/sites\/3\/2022\/06\/AdobeStock_74421710-1920x1536.jpeg 1920w, https:\/\/vagabondclub.com\/dresden\/wp-content\/uploads\/sites\/3\/2022\/06\/AdobeStock_74421710.jpeg 2200w\"\n    \n    sizes=\"auto, (max-width: 48em) 100vw, (max-width: 64em) 100vw, (min-width: 64em) 100vw\">\n            <\/div>\n                        <div class=\"banner-content-block theme--default\">\n                                        <p class=\"mb-2 overline color-accent\">\n                    Vagabond Club                <\/p>\n                                        <h1 class=\"mb-8 h-title\">Impressum                                    <\/h1>\n                                        <div class=\"buttons centered no-margin\">\n                                                                        <a class=\"button  primary\" href=\"#contact-form\" >\n                                Contact                            <\/a>\n                                                            <\/div>\n                    <\/div>\n            <\/section>\n    <\/div>\n    \n\n\n<h2 class=\"wp-block-heading\" id=\"impressum\">Impressum<\/h2>\n\n\n\n<h3 class=\"wp-block-heading\" id=\"townhouse-dresden-a-vagabond-club\"><strong>Angaben gem\u00e4\u00df \u00a7 5 DDG<\/strong>&nbsp;<\/h3>\n\n\n\n<p><strong>Betreibergesellschaft:<\/strong>&nbsp;<\/p>\n\n\n\n<p>Townhouse Dresden GmbH&nbsp;<\/p>\n\n\n\n<p>Hauptstra\u00dfe 66&nbsp;<\/p>\n\n\n\n<p>12159 Berlin&nbsp;<\/p>\n\n\n\n<p><strong>Gesch\u00e4ftsf\u00fchrung:\u202f<\/strong>&nbsp;<\/p>\n\n\n\n<p>Benedikt de Bruyn; Gordon Geiser\u00a0<\/p>\n\n\n\n<p><strong>Kontaktinformation:<\/strong>&nbsp;<\/p>\n\n\n\n<p>Tel: +49 30 773 27 80 &#8211; 0&nbsp;<\/p>\n\n\n\n<p>Fax: +49 30 773 27 80 &#8211; 29&nbsp;<\/p>\n\n\n\n<p>E-Mail: info@revo-h.com&nbsp;<\/p>\n\n\n\n<p>Web:&nbsp;<a href=\"http:\/\/www.revo-h.com\/\" target=\"_blank\" rel=\"noreferrer noopener\">www.revo-h.com<\/a>&nbsp;<\/p>\n\n\n\n<p><strong>Anschrift und Kontakt Hotel (f\u00fcr Kundenanfragen):<\/strong>&nbsp;<\/p>\n\n\n\n<p>Townhouse Dresden&nbsp;&nbsp;<\/p>\n\n\n\n<p>Neumarkt 1&nbsp;<\/p>\n\n\n\n<p>01067 Dresden&nbsp;<\/p>\n\n\n\n<p>Deutschland&nbsp;<\/p>\n\n\n\n<p>Tel:&nbsp;+49 351 56 3309 0&nbsp;<\/p>\n\n\n\n<p>E-Mail: townhouse.dresden@vagabondclub.com&nbsp;<\/p>\n\n\n\n<p>Web: https:\/\/vagabondclub.com\/dresden\/&nbsp;<\/p>\n\n\n\n<p><strong>Registereintrag:<\/strong>&nbsp;<\/p>\n\n\n\n<p>Sitz der Gesellschaft: Berlin&nbsp;<\/p>\n\n\n\n<p>Registergericht: Amtsgericht Berlin-Charlottenburg&nbsp;<\/p>\n\n\n\n<p>Reg. Nr.: HRB 267488 B&nbsp;<\/p>\n\n\n\n<p><strong>USt-ID Nr.:<\/strong>&nbsp;DE815655848&nbsp;<\/p>\n\n\n\n<p><strong>T\u00e4tigkeitsbereich:<\/strong>&nbsp;<\/p>\n\n\n\n<p>Hotellerie, Hotelbetrieb, Hotelmanagement und Projektentwicklung&nbsp;<\/p>\n\n\n\n<p><strong>Haftung f\u00fcr Inhalte und externe Links (\u00a7 7\u201310 TMG)<\/strong>&nbsp;<\/p>\n\n\n\n<p>Die Inhalte dieser Webseite werden mit gr\u00f6\u00dftm\u00f6glicher Sorgfalt erstellt und regelm\u00e4\u00dfig aktualisiert. F\u00fcr die Richtigkeit, Vollst\u00e4ndigkeit und Aktualit\u00e4t \u00fcbernehmen wir jedoch keine Gew\u00e4hr. Als Diensteanbieter sind wir gem\u00e4\u00df \u00a7\u202f7 Abs.\u202f1 TMG f\u00fcr eigene Inhalte verantwortlich. Nach \u00a7\u00a7\u202f8\u201310 TMG besteht keine Verpflichtung, \u00fcbermittelte oder gespeicherte fremde Informationen zu \u00fcberwachen. Diese Webseite enth\u00e4lt Links zu externen Webseiten, auf deren Inhalte wir keinen Einfluss haben.&nbsp;<br>F\u00fcr die Inhalte der verlinkten<strong>&nbsp;<\/strong>Seiten sind ausschlie\u00dflich deren Betreiber verantwortlich.&nbsp;<\/p>\n\n\n\n<p><strong>Urheberrecht<\/strong>&nbsp;<\/p>\n\n\n\n<p>Alle Inhalte dieser Webseite sind urheberrechtlich gesch\u00fctzt. Eine Verwendung \u00fcber die gesetzlich zul\u00e4ssigen Grenzen hinaus bedarf der vorherigen schriftlichen Zustimmung, soweit nicht anders gekennzeichnet.&nbsp;<\/p>\n\n\n\n<p><strong>Verbraucherstreitbeilegung:<\/strong>&nbsp;<\/p>\n\n\n\n<p>Wir sind nicht bereit und nicht verpflichtet, an Streitbeilegungsverfahren vor einer Verbraucherschlichtungsstelle teilzunehmen.&nbsp;<\/p>\n\n\n\n<p><strong>Anwendbares Recht:<\/strong>&nbsp;<\/p>\n\n\n\n<p>Die rechtlichen Hinweise auf dieser Seite sowie alle Fragen und Streitigkeiten im Zusammenhang mit dieser Webseite unterliegen dem Recht der Bundesrepublik Deutschland.&nbsp;<\/p>\n\n\n\n<p id=\"townhouse-dresden-a-vagabond-club\">*Das Unternehmen ist Teil der Revo Hospitality Group.&nbsp;<\/p>\n","protected":false},"excerpt":{"rendered":"<p>Impressum Angaben gem\u00e4\u00df \u00a7 5 DDG&nbsp; Betreibergesellschaft:&nbsp; Townhouse Dresden GmbH&nbsp; Hauptstra\u00dfe 66&nbsp; 12159 Berlin&nbsp; Gesch\u00e4ftsf\u00fchrung:\u202f&nbsp; Benedikt de Bruyn; Gordon Geiser\u00a0&#8230;<\/p>\n","protected":false},"author":3,"featured_media":0,"parent":0,"menu_order":0,"comment_status":"closed","ping_status":"closed","template":"","meta":{"_acf_changed":false,"inline_featured_image":false,"footnotes":""},"class_list":["post-188","page","type-page","status-publish","hentry"],"acf":[],"yoast_head":"<!-- This site is optimized with the Yoast SEO plugin v27.3 - https:\/\/yoast.com\/product\/yoast-seo-wordpress\/ -->\n<title>Impressum - Dresden<\/title>\n<meta name=\"robots\" content=\"noindex, nofollow\" \/>\n<meta property=\"og:locale\" content=\"de_DE\" \/>\n<meta property=\"og:type\" content=\"article\" \/>\n<meta property=\"og:title\" content=\"Impressum - Dresden\" \/>\n<meta property=\"og:description\" content=\"Impressum Angaben gem\u00e4\u00df \u00a7 5 DDG&nbsp; Betreibergesellschaft:&nbsp; Townhouse Dresden GmbH&nbsp; Hauptstra\u00dfe 66&nbsp; 12159 Berlin&nbsp; Gesch\u00e4ftsf\u00fchrung:\u202f&nbsp; Benedikt de Bruyn; Gordon Geiser\u00a0...\" \/>\n<meta property=\"og:url\" content=\"https:\/\/vagabondclub.com\/dresden\/impressum\/\" \/>\n<meta property=\"og:site_name\" content=\"Dresden\" \/>\n<meta property=\"article:modified_time\" content=\"2026-03-02T13:24:16+00:00\" \/>\n<meta name=\"twitter:card\" content=\"summary_large_image\" \/>\n<meta name=\"twitter:label1\" content=\"Gesch\u00e4tzte Lesezeit\" \/>\n\t<meta name=\"twitter:data1\" content=\"12\u00a0Minuten\" \/>\n<script type=\"application\/ld+json\" class=\"yoast-schema-graph\">{\"@context\":\"https:\\\/\\\/schema.org\",\"@graph\":[{\"@type\":\"WebPage\",\"@id\":\"https:\\\/\\\/vagabondclub.com\\\/dresden\\\/impressum\\\/\",\"url\":\"https:\\\/\\\/vagabondclub.com\\\/dresden\\\/impressum\\\/\",\"name\":\"Impressum - Dresden\",\"isPartOf\":{\"@id\":\"https:\\\/\\\/vagabondclub.com\\\/dresden\\\/#website\"},\"datePublished\":\"2021-08-02T09:57:18+00:00\",\"dateModified\":\"2026-03-02T13:24:16+00:00\",\"breadcrumb\":{\"@id\":\"https:\\\/\\\/vagabondclub.com\\\/dresden\\\/impressum\\\/#breadcrumb\"},\"inLanguage\":\"de\",\"potentialAction\":[{\"@type\":\"ReadAction\",\"target\":[\"https:\\\/\\\/vagabondclub.com\\\/dresden\\\/impressum\\\/\"]}]},{\"@type\":\"BreadcrumbList\",\"@id\":\"https:\\\/\\\/vagabondclub.com\\\/dresden\\\/impressum\\\/#breadcrumb\",\"itemListElement\":[{\"@type\":\"ListItem\",\"position\":1,\"name\":\"Startseite\",\"item\":\"https:\\\/\\\/vagabondclub.com\\\/dresden\\\/\"},{\"@type\":\"ListItem\",\"position\":2,\"name\":\"Impressum\"}]},{\"@type\":\"WebSite\",\"@id\":\"https:\\\/\\\/vagabondclub.com\\\/dresden\\\/#website\",\"url\":\"https:\\\/\\\/vagabondclub.com\\\/dresden\\\/\",\"name\":\"Dresden\",\"description\":\"Just another Vagabond Sites site\",\"potentialAction\":[{\"@type\":\"SearchAction\",\"target\":{\"@type\":\"EntryPoint\",\"urlTemplate\":\"https:\\\/\\\/vagabondclub.com\\\/dresden\\\/?s={search_term_string}\"},\"query-input\":{\"@type\":\"PropertyValueSpecification\",\"valueRequired\":true,\"valueName\":\"search_term_string\"}}],\"inLanguage\":\"de\"}]}<\/script>\n<!-- \/ Yoast SEO plugin. -->","yoast_head_json":{"title":"Impressum - Dresden","robots":{"index":"noindex","follow":"nofollow"},"og_locale":"de_DE","og_type":"article","og_title":"Impressum - Dresden","og_description":"Impressum Angaben gem\u00e4\u00df \u00a7 5 DDG&nbsp; Betreibergesellschaft:&nbsp; Townhouse Dresden GmbH&nbsp; Hauptstra\u00dfe 66&nbsp; 12159 Berlin&nbsp; Gesch\u00e4ftsf\u00fchrung:\u202f&nbsp; Benedikt de Bruyn; Gordon Geiser\u00a0...","og_url":"https:\/\/vagabondclub.com\/dresden\/impressum\/","og_site_name":"Dresden","article_modified_time":"2026-03-02T13:24:16+00:00","twitter_card":"summary_large_image","twitter_misc":{"Gesch\u00e4tzte Lesezeit":"12\u00a0Minuten"},"schema":{"@context":"https:\/\/schema.org","@graph":[{"@type":"WebPage","@id":"https:\/\/vagabondclub.com\/dresden\/impressum\/","url":"https:\/\/vagabondclub.com\/dresden\/impressum\/","name":"Impressum - Dresden","isPartOf":{"@id":"https:\/\/vagabondclub.com\/dresden\/#website"},"datePublished":"2021-08-02T09:57:18+00:00","dateModified":"2026-03-02T13:24:16+00:00","breadcrumb":{"@id":"https:\/\/vagabondclub.com\/dresden\/impressum\/#breadcrumb"},"inLanguage":"de","potentialAction":[{"@type":"ReadAction","target":["https:\/\/vagabondclub.com\/dresden\/impressum\/"]}]},{"@type":"BreadcrumbList","@id":"https:\/\/vagabondclub.com\/dresden\/impressum\/#breadcrumb","itemListElement":[{"@type":"ListItem","position":1,"name":"Startseite","item":"https:\/\/vagabondclub.com\/dresden\/"},{"@type":"ListItem","position":2,"name":"Impressum"}]},{"@type":"WebSite","@id":"https:\/\/vagabondclub.com\/dresden\/#website","url":"https:\/\/vagabondclub.com\/dresden\/","name":"Dresden","description":"Just another Vagabond Sites site","potentialAction":[{"@type":"SearchAction","target":{"@type":"EntryPoint","urlTemplate":"https:\/\/vagabondclub.com\/dresden\/?s={search_term_string}"},"query-input":{"@type":"PropertyValueSpecification","valueRequired":true,"valueName":"search_term_string"}}],"inLanguage":"de"}]}},"jetpack_sharing_enabled":true,"_links":{"self":[{"href":"https:\/\/vagabondclub.com\/dresden\/wp-json\/wp\/v2\/pages\/188","targetHints":{"allow":["GET"]}}],"collection":[{"href":"https:\/\/vagabondclub.com\/dresden\/wp-json\/wp\/v2\/pages"}],"about":[{"href":"https:\/\/vagabondclub.com\/dresden\/wp-json\/wp\/v2\/types\/page"}],"author":[{"embeddable":true,"href":"https:\/\/vagabondclub.com\/dresden\/wp-json\/wp\/v2\/users\/3"}],"replies":[{"embeddable":true,"href":"https:\/\/vagabondclub.com\/dresden\/wp-json\/wp\/v2\/comments?post=188"}],"version-history":[{"count":5,"href":"https:\/\/vagabondclub.com\/dresden\/wp-json\/wp\/v2\/pages\/188\/revisions"}],"predecessor-version":[{"id":2288,"href":"https:\/\/vagabondclub.com\/dresden\/wp-json\/wp\/v2\/pages\/188\/revisions\/2288"}],"wp:attachment":[{"href":"https:\/\/vagabondclub.com\/dresden\/wp-json\/wp\/v2\/media?parent=188"}],"curies":[{"name":"wp","href":"https:\/\/api.w.org\/{rel}","templated":true}]}}