{"id":2192,"date":"2025-02-12T09:46:15","date_gmt":"2025-02-12T09:46:15","guid":{"rendered":"https:\/\/p-ef2bbw.project.space\/dresden\/?page_id=2192"},"modified":"2025-02-12T09:46:16","modified_gmt":"2025-02-12T09:46:16","slug":"anfrage","status":"publish","type":"page","link":"https:\/\/vagabondclub.com\/dresden\/anfrage\/","title":{"rendered":"Anfrage"},"content":{"rendered":"    <section\n    class=\"row spacing container nopadd-mob\"\n    id=\"block_7ecbdd89d6a60559505f58b283ef253a\"\n    data-aos=\"fade-up\"\n        >\n                        <div class=\"content-block content-form-block container bg-bg text-align-left\">\n                            <p class=\"mb-1 overline color-accent\" data-aos=\"fade-up\">\n                    Get in touch                <\/p>\n                                        <h2 data-aos=\"fade-up\">Sie haben eine Anfrage?                                            <span class=\"subtitle\" data-aos=\"fade-up\" data-aos-delay=\"50\">\n                            F\u00fcllen Sie das Formular aus oder rufen Sie uns unter der folgenden Telefonnummer an: +49 351 56 3309 0                        <\/span>\n                                    <\/h2>\n                                        <div data-aos=\"fade-up\">\n                    \n<div class=\"wpcf7 no-js\" id=\"wpcf7-f2191-o1\" lang=\"de-DE\" dir=\"ltr\" data-wpcf7-id=\"2191\">\n<div class=\"screen-reader-response\"><p role=\"status\" aria-live=\"polite\" aria-atomic=\"true\"><\/p> <ul><\/ul><\/div>\n<form action=\"\/dresden\/wp-json\/wp\/v2\/pages\/2192#wpcf7-f2191-o1\" method=\"post\" class=\"wpcf7-form init\" aria-label=\"Kontaktformular\" novalidate=\"novalidate\" data-status=\"init\">\n<fieldset class=\"hidden-fields-container\"><input type=\"hidden\" name=\"_wpcf7\" value=\"2191\" \/><input type=\"hidden\" name=\"_wpcf7_version\" value=\"6.1.5\" \/><input type=\"hidden\" name=\"_wpcf7_locale\" value=\"de_DE\" \/><input type=\"hidden\" name=\"_wpcf7_unit_tag\" value=\"wpcf7-f2191-o1\" \/><input type=\"hidden\" name=\"_wpcf7_container_post\" value=\"0\" \/><input type=\"hidden\" name=\"_wpcf7_posted_data_hash\" value=\"\" \/>\n<\/fieldset>\n<div class=\"row\">\n\t<div class=\"half\">\n\t\t<div class=\"input-wrap\">\n\t\t\t<p><label for=\"your-name\">Vorname<\/label><br \/>\n<span class=\"wpcf7-form-control-wrap\" data-name=\"your-name\"><input size=\"40\" maxlength=\"400\" class=\"wpcf7-form-control wpcf7-text wpcf7-validates-as-required\" aria-required=\"true\" aria-invalid=\"false\" value=\"\" type=\"text\" name=\"your-name\" \/><\/span>\n\t\t\t<\/p>\n\t\t<\/div>\n\t<\/div>\n\t<div class=\"half\">\n\t\t<div class=\"input-wrap\">\n\t\t\t<p><label for=\"your-lastname\">Nachname<\/label><br \/>\n<span class=\"wpcf7-form-control-wrap\" data-name=\"your-lastname\"><input size=\"40\" maxlength=\"400\" class=\"wpcf7-form-control wpcf7-text wpcf7-validates-as-required\" aria-required=\"true\" aria-invalid=\"false\" value=\"\" type=\"text\" name=\"your-lastname\" \/><\/span>\n\t\t\t<\/p>\n\t\t<\/div>\n\t<\/div>\n<\/div>\n<div class=\"row\">\n\t<div class=\"half\">\n\t\t<div class=\"input-wrap\">\n\t\t\t<p><label for=\"num-persons\">Anzahl Personen<\/label><br \/>\n<input type=\"number\" id=\"num-persons\" name=\"num-persons\" min=\"1\" value=\"1\" \/>\n\t\t\t<\/p>\n\t\t<\/div>\n\t<\/div>\n\t<div class=\"half\">\n\t\t<div class=\"input-wrap\">\n\t\t\t<p><label for=\"your-email\">Email<\/label><br \/>\n<span class=\"wpcf7-form-control-wrap\" data-name=\"your-email\"><input size=\"40\" maxlength=\"400\" class=\"wpcf7-form-control wpcf7-email wpcf7-validates-as-required wpcf7-text wpcf7-validates-as-email\" aria-required=\"true\" aria-invalid=\"false\" value=\"\" type=\"email\" name=\"your-email\" \/><\/span>\n\t\t\t<\/p>\n\t\t<\/div>\n\t<\/div>\n<\/div>\n<div class=\"row\">\n\t<div class=\"half\">\n\t\t<div class=\"input-wrap\">\n\t\t\t<p><label for=\"your-phone\">Telefonnummer<\/label><br \/>\n<span class=\"wpcf7-form-control-wrap\" data-name=\"your-phone\"><input size=\"40\" maxlength=\"400\" class=\"wpcf7-form-control wpcf7-tel wpcf7-validates-as-required wpcf7-text wpcf7-validates-as-tel\" aria-required=\"true\" aria-invalid=\"false\" value=\"\" type=\"tel\" name=\"your-phone\" \/><\/span>\n\t\t\t<\/p>\n\t\t<\/div>\n\t<\/div>\n<\/div>\n<div class=\"row\">\n\t<div class=\"half\">\n\t\t<div class=\"input-wrap\">\n\t\t\t<p><label for=\"arrival-date\">Anreise Datum<\/label><br \/>\n<input type=\"date\" id=\"arrival-date\" name=\"arrival-date\" \/>\n\t\t\t<\/p>\n\t\t<\/div>\n\t<\/div>\n\t<div class=\"half\">\n\t\t<div class=\"input-wrap\">\n\t\t\t<p><label for=\"departure-date\">Abreise Datum<\/label><br \/>\n<input type=\"date\" id=\"departure-date\" name=\"departure-date\" \/>\n\t\t\t<\/p>\n\t\t<\/div>\n\t<\/div>\n<\/div>\n<div class=\"row\">\n\t<div class=\"full-width\">\n\t\t<div class=\"input-wrap\">\n\t\t\t<p><label for=\"room-category\">Zimmerkategorie<\/label><br \/>\n<select id=\"room-category\" name=\"room-category\">\n <option value=\"Classic\">Classic<\/option>\n <option value=\"Deluxe\">Deluxe<\/option>\n <option value=\"Junior Suite\">Junior Suite<\/option>\n <option value=\"Grand Suite\">Grand Suite<\/option>\n <option value=\"Suite\">Suite<\/option>\n <\/select>\n\t\t\t<\/p>\n\t\t<\/div>\n\t<\/div>\n<\/div>\n<div class=\"row\">\n\t<div class=\"full-width\">\n\t\t<div class=\"input-wrap\">\n\t\t\t<p><label for=\"your-message\">Nachricht<\/label><br \/>\n<span class=\"wpcf7-form-control-wrap\" data-name=\"your-message\"><textarea cols=\"40\" rows=\"10\" maxlength=\"2000\" class=\"wpcf7-form-control wpcf7-textarea\" aria-invalid=\"false\" name=\"your-message\"><\/textarea><\/span>\n\t\t\t<\/p>\n\t\t<\/div>\n\t<\/div>\n<\/div>\n<div class=\"row\">\n\t<div class=\"acceptance\">\n\t\t<p><span class=\"wpcf7-form-control-wrap\" data-name=\"acceptance-479\"><span class=\"wpcf7-form-control wpcf7-acceptance\"><span class=\"wpcf7-list-item\"><label><input type=\"checkbox\" name=\"acceptance-479\" value=\"1\" aria-invalid=\"false\" \/><span class=\"wpcf7-list-item-label\">Durch das Abschicken der Nachricht stimmen Sie unseren \n    <a href=\"\/terms-conditions\/\" target=\"_blank\">AGBs<\/a> und der \n    <a href=\"\/privacy-policy\/\" target=\"_blank\">Datenschutzerkl\u00e4rung<\/a> zu.<\/span><\/label><\/span><\/span><\/span>\n\t\t<\/p>\n\t<\/div>\n<\/div>\n<div class=\"flex justify-center\">\n\t<p><input class=\"wpcf7-form-control wpcf7-submit has-spinner\" type=\"submit\" value=\"Abschicken\" \/>\n\t<\/p>\n<\/div>\n<div class=\"screen-reader-response\">\n\t<div role=\"status\">\n\t<\/div>\n<\/div><input type='hidden' class='wpcf7-pum' value='{\"closepopup\":false,\"closedelay\":0,\"openpopup\":false,\"openpopup_id\":0}' \/><div class=\"wpcf7-response-output\" aria-hidden=\"true\"><\/div>\n<\/form>\n<\/div>\n\n                <\/div>\n                                <\/div>\n    <\/section>\n    ","protected":false},"excerpt":{"rendered":"","protected":false},"author":9,"featured_media":0,"parent":0,"menu_order":0,"comment_status":"closed","ping_status":"closed","template":"","meta":{"_acf_changed":false,"inline_featured_image":false,"footnotes":""},"class_list":["post-2192","page","type-page","status-publish","hentry"],"acf":[],"yoast_head":"<!-- This site is optimized with the Yoast SEO plugin v27.3 - https:\/\/yoast.com\/product\/yoast-seo-wordpress\/ -->\n<title>Anfrage - Dresden<\/title>\n<meta name=\"description\" content=\"Dresden entdecken! Unser Hotel ist der perfekte Ausgangspunkt f\u00fcr Streifz\u00fcge durch die barocke Altstadt, Spazierg\u00e4nge entlang der Elbe oder einen Besuch der Semperoper.\" \/>\n<meta name=\"robots\" content=\"index, follow, max-snippet:-1, max-image-preview:large, max-video-preview:-1\" \/>\n<link rel=\"canonical\" href=\"https:\/\/vagabondclub.com\/dresden\/anfrage\/\" \/>\n<meta property=\"og:locale\" content=\"de_DE\" \/>\n<meta property=\"og:type\" content=\"article\" \/>\n<meta property=\"og:title\" content=\"Anfrage - Dresden\" \/>\n<meta property=\"og:description\" content=\"Dresden entdecken! Unser Hotel ist der perfekte Ausgangspunkt f\u00fcr Streifz\u00fcge durch die barocke Altstadt, Spazierg\u00e4nge entlang der Elbe oder einen Besuch der Semperoper.\" \/>\n<meta property=\"og:url\" content=\"https:\/\/vagabondclub.com\/dresden\/anfrage\/\" \/>\n<meta property=\"og:site_name\" content=\"Dresden\" \/>\n<meta property=\"article:modified_time\" content=\"2025-02-12T09:46:16+00:00\" \/>\n<meta name=\"twitter:card\" content=\"summary_large_image\" \/>\n<script type=\"application\/ld+json\" class=\"yoast-schema-graph\">{\"@context\":\"https:\\\/\\\/schema.org\",\"@graph\":[{\"@type\":\"WebPage\",\"@id\":\"https:\\\/\\\/vagabondclub.com\\\/dresden\\\/anfrage\\\/\",\"url\":\"https:\\\/\\\/vagabondclub.com\\\/dresden\\\/anfrage\\\/\",\"name\":\"Anfrage - Dresden\",\"isPartOf\":{\"@id\":\"https:\\\/\\\/vagabondclub.com\\\/dresden\\\/#website\"},\"datePublished\":\"2025-02-12T09:46:15+00:00\",\"dateModified\":\"2025-02-12T09:46:16+00:00\",\"description\":\"Dresden entdecken! Unser Hotel ist der perfekte Ausgangspunkt f\u00fcr Streifz\u00fcge durch die barocke Altstadt, Spazierg\u00e4nge entlang der Elbe oder einen Besuch der Semperoper.\",\"breadcrumb\":{\"@id\":\"https:\\\/\\\/vagabondclub.com\\\/dresden\\\/anfrage\\\/#breadcrumb\"},\"inLanguage\":\"de\",\"potentialAction\":[{\"@type\":\"ReadAction\",\"target\":[\"https:\\\/\\\/vagabondclub.com\\\/dresden\\\/anfrage\\\/\"]}]},{\"@type\":\"BreadcrumbList\",\"@id\":\"https:\\\/\\\/vagabondclub.com\\\/dresden\\\/anfrage\\\/#breadcrumb\",\"itemListElement\":[{\"@type\":\"ListItem\",\"position\":1,\"name\":\"Startseite\",\"item\":\"https:\\\/\\\/vagabondclub.com\\\/dresden\\\/\"},{\"@type\":\"ListItem\",\"position\":2,\"name\":\"Anfrage\"}]},{\"@type\":\"WebSite\",\"@id\":\"https:\\\/\\\/vagabondclub.com\\\/dresden\\\/#website\",\"url\":\"https:\\\/\\\/vagabondclub.com\\\/dresden\\\/\",\"name\":\"Dresden\",\"description\":\"Just another Vagabond Sites site\",\"potentialAction\":[{\"@type\":\"SearchAction\",\"target\":{\"@type\":\"EntryPoint\",\"urlTemplate\":\"https:\\\/\\\/vagabondclub.com\\\/dresden\\\/?s={search_term_string}\"},\"query-input\":{\"@type\":\"PropertyValueSpecification\",\"valueRequired\":true,\"valueName\":\"search_term_string\"}}],\"inLanguage\":\"de\"}]}<\/script>\n<!-- \/ Yoast SEO plugin. -->","yoast_head_json":{"title":"Anfrage - Dresden","description":"Dresden entdecken! Unser Hotel ist der perfekte Ausgangspunkt f\u00fcr Streifz\u00fcge durch die barocke Altstadt, Spazierg\u00e4nge entlang der Elbe oder einen Besuch der Semperoper.","robots":{"index":"index","follow":"follow","max-snippet":"max-snippet:-1","max-image-preview":"max-image-preview:large","max-video-preview":"max-video-preview:-1"},"canonical":"https:\/\/vagabondclub.com\/dresden\/anfrage\/","og_locale":"de_DE","og_type":"article","og_title":"Anfrage - Dresden","og_description":"Dresden entdecken! Unser Hotel ist der perfekte Ausgangspunkt f\u00fcr Streifz\u00fcge durch die barocke Altstadt, Spazierg\u00e4nge entlang der Elbe oder einen Besuch der Semperoper.","og_url":"https:\/\/vagabondclub.com\/dresden\/anfrage\/","og_site_name":"Dresden","article_modified_time":"2025-02-12T09:46:16+00:00","twitter_card":"summary_large_image","schema":{"@context":"https:\/\/schema.org","@graph":[{"@type":"WebPage","@id":"https:\/\/vagabondclub.com\/dresden\/anfrage\/","url":"https:\/\/vagabondclub.com\/dresden\/anfrage\/","name":"Anfrage - Dresden","isPartOf":{"@id":"https:\/\/vagabondclub.com\/dresden\/#website"},"datePublished":"2025-02-12T09:46:15+00:00","dateModified":"2025-02-12T09:46:16+00:00","description":"Dresden entdecken! Unser Hotel ist der perfekte Ausgangspunkt f\u00fcr Streifz\u00fcge durch die barocke Altstadt, Spazierg\u00e4nge entlang der Elbe oder einen Besuch der Semperoper.","breadcrumb":{"@id":"https:\/\/vagabondclub.com\/dresden\/anfrage\/#breadcrumb"},"inLanguage":"de","potentialAction":[{"@type":"ReadAction","target":["https:\/\/vagabondclub.com\/dresden\/anfrage\/"]}]},{"@type":"BreadcrumbList","@id":"https:\/\/vagabondclub.com\/dresden\/anfrage\/#breadcrumb","itemListElement":[{"@type":"ListItem","position":1,"name":"Startseite","item":"https:\/\/vagabondclub.com\/dresden\/"},{"@type":"ListItem","position":2,"name":"Anfrage"}]},{"@type":"WebSite","@id":"https:\/\/vagabondclub.com\/dresden\/#website","url":"https:\/\/vagabondclub.com\/dresden\/","name":"Dresden","description":"Just another Vagabond Sites site","potentialAction":[{"@type":"SearchAction","target":{"@type":"EntryPoint","urlTemplate":"https:\/\/vagabondclub.com\/dresden\/?s={search_term_string}"},"query-input":{"@type":"PropertyValueSpecification","valueRequired":true,"valueName":"search_term_string"}}],"inLanguage":"de"}]}},"jetpack_sharing_enabled":true,"_links":{"self":[{"href":"https:\/\/vagabondclub.com\/dresden\/wp-json\/wp\/v2\/pages\/2192","targetHints":{"allow":["GET"]}}],"collection":[{"href":"https:\/\/vagabondclub.com\/dresden\/wp-json\/wp\/v2\/pages"}],"about":[{"href":"https:\/\/vagabondclub.com\/dresden\/wp-json\/wp\/v2\/types\/page"}],"author":[{"embeddable":true,"href":"https:\/\/vagabondclub.com\/dresden\/wp-json\/wp\/v2\/users\/9"}],"replies":[{"embeddable":true,"href":"https:\/\/vagabondclub.com\/dresden\/wp-json\/wp\/v2\/comments?post=2192"}],"version-history":[{"count":1,"href":"https:\/\/vagabondclub.com\/dresden\/wp-json\/wp\/v2\/pages\/2192\/revisions"}],"predecessor-version":[{"id":2193,"href":"https:\/\/vagabondclub.com\/dresden\/wp-json\/wp\/v2\/pages\/2192\/revisions\/2193"}],"wp:attachment":[{"href":"https:\/\/vagabondclub.com\/dresden\/wp-json\/wp\/v2\/media?parent=2192"}],"curies":[{"name":"wp","href":"https:\/\/api.w.org\/{rel}","templated":true}]}}