{"id":74,"date":"2021-07-27T15:12:15","date_gmt":"2021-07-27T15:12:11","guid":{"rendered":"https:\/\/p-ef2bbw.project.space\/dresden\/offers\/"},"modified":"2025-02-17T13:22:17","modified_gmt":"2025-02-17T13:22:17","slug":"angebote","status":"publish","type":"page","link":"https:\/\/vagabondclub.com\/dresden\/angebote\/","title":{"rendered":"Angebote"},"content":{"rendered":"    <section\n    class=\"row container banner-block banner-block-left flex justify-end items-start flex-col theme--image\"\n    id=\"block_5afd6d0bbda08fab4bf1a13c76df3bf0\"\n        >\n                    <div class=\"block-bg-img\">\n                <img loading=\"lazy\" decoding=\"async\"\n            src=\"https:\/\/vagabondclub.com\/dresden\/wp-content\/uploads\/sites\/3\/2022\/07\/Offers_Dresden-1920x1280.jpg\"\n    \n    \n    onerror=\"this.onerror=null; this.src='data:image\/gif;base64,R0lGODlhAQABAIAAAMLCwgAAACH5BAAAAAAALAAAAAABAAEAAAICRAEAOw=='; this.srcset='data:image\/gif;base64,R0lGODlhAQABAIAAAMLCwgAAACH5BAAAAAAALAAAAAABAAEAAAICRAEAOw=='\"\n    alt=\"Offers_Dresden\"\n    width=\"1920\"\n    height=\"1280\"\n    class=\"\n        object-fit            \"\n\n        \n            srcset=\"https:\/\/vagabondclub.com\/dresden\/wp-content\/uploads\/sites\/3\/2022\/07\/Offers_Dresden-188x125.jpg 188w, https:\/\/vagabondclub.com\/dresden\/wp-content\/uploads\/sites\/3\/2022\/07\/Offers_Dresden-375x250.jpg 375w, https:\/\/vagabondclub.com\/dresden\/wp-content\/uploads\/sites\/3\/2022\/07\/Offers_Dresden-500x333.jpg 500w, https:\/\/vagabondclub.com\/dresden\/wp-content\/uploads\/sites\/3\/2022\/07\/Offers_Dresden-640x427.jpg 640w, https:\/\/vagabondclub.com\/dresden\/wp-content\/uploads\/sites\/3\/2022\/07\/Offers_Dresden-800x533.jpg 800w, https:\/\/vagabondclub.com\/dresden\/wp-content\/uploads\/sites\/3\/2022\/07\/Offers_Dresden-1024x683.jpg 1024w, https:\/\/vagabondclub.com\/dresden\/wp-content\/uploads\/sites\/3\/2022\/07\/Offers_Dresden-1367x912.jpg 1367w, https:\/\/vagabondclub.com\/dresden\/wp-content\/uploads\/sites\/3\/2022\/07\/Offers_Dresden-1920x1280.jpg 1920w, https:\/\/vagabondclub.com\/dresden\/wp-content\/uploads\/sites\/3\/2022\/07\/Offers_Dresden.jpg 2200w\"\n    \n    sizes=\"auto, (max-width: 48em) 100vw, (max-width: 64em) 100vw, (min-width: 64em) 100vw\">\n            <\/div>\n                        <div class=\"banner-content-block mb-40\">\n                                        <p class=\"mb-2 overline color-accent\">\n                    Townhouse Dresden                <\/p>\n                                        <h1 class=\"mb-8 less-margin h-title\">Angebote                                    <\/h1>\n                                        <div data-aos=\"fade-up\" class=\"content-inner mt-8 mb-48 xs:mb-12\">\n                    <p>Dresden \u2013 eine Stadt, die mit ihrer reichen Geschichte, beeindruckenden Architektur und lebendigen Kulturszene begeistert. Doch haben Sie schon die versteckten Ecken und Geheimnisse dieser faszinierenden Stadt entdeckt?<\/p>\n                <\/div>\n                        \n                    <\/div>\n            <\/section>\n    \n\n    <section\n    class=\"row spacing--bottom \"\n    id=\"block_49b99c4748456fdccd6627642108fe73\"\n    data-aos=\"fade-up\"\n        >\n                        \n                        <div class=\"img-content container spacing text-image\">\n                    <div class=\"img\" data-aos=\"fade-up\">\n                                                    <div class=\"image-carousel js-image-carousel img-abs\">\n                                                                    <img decoding=\"async\"\n            src=\"https:\/\/vagabondclub.com\/dresden\/wp-content\/uploads\/sites\/3\/2023\/08\/8x8_picture-1367x870.png\"\n    \n            loading=\"lazy\"          \n    \n    onerror=\"this.onerror=null; this.src='data:image\/gif;base64,R0lGODlhAQABAIAAAMLCwgAAACH5BAAAAAAALAAAAAABAAEAAAICRAEAOw=='; this.srcset='data:image\/gif;base64,R0lGODlhAQABAIAAAMLCwgAAACH5BAAAAAAALAAAAAABAAEAAAICRAEAOw=='\"\n    alt=\"8x8_picture\"\n    width=\"1367\"\n    height=\"870\"\n    class=\"\n        object-fit contain            \"\n\n        \n            srcset=\"https:\/\/vagabondclub.com\/dresden\/wp-content\/uploads\/sites\/3\/2023\/08\/8x8_picture-188x120.png 188w, https:\/\/vagabondclub.com\/dresden\/wp-content\/uploads\/sites\/3\/2023\/08\/8x8_picture-375x239.png 375w, https:\/\/vagabondclub.com\/dresden\/wp-content\/uploads\/sites\/3\/2023\/08\/8x8_picture-500x318.png 500w, https:\/\/vagabondclub.com\/dresden\/wp-content\/uploads\/sites\/3\/2023\/08\/8x8_picture-640x407.png 640w, https:\/\/vagabondclub.com\/dresden\/wp-content\/uploads\/sites\/3\/2023\/08\/8x8_picture-800x509.png 800w, https:\/\/vagabondclub.com\/dresden\/wp-content\/uploads\/sites\/3\/2023\/08\/8x8_picture-1024x652.png 1024w, https:\/\/vagabondclub.com\/dresden\/wp-content\/uploads\/sites\/3\/2023\/08\/8x8_picture-1367x870.png 1367w, https:\/\/vagabondclub.com\/dresden\/wp-content\/uploads\/sites\/3\/2023\/08\/8x8_picture.png 1920w, https:\/\/vagabondclub.com\/dresden\/wp-content\/uploads\/sites\/3\/2023\/08\/8x8_picture.png 2200w\"\n    \n    sizes=\"auto, (max-width: 48em) 85vw, (max-width: 64em) 42vw, (min-width: 64em) 42vw\">\n                                                            <\/div>\n                            \n                                                                        <\/div>\n\n                    <div class=\"content\">\n                        <div class=\"content-inner\">\n                            <header>\n                                                                    <p class=\"mb-4 overline color-accent flex items-center\" data-aos=\"fade-up\">\n                                        Townhouse Dresden                                        <span class=\"divider flex-grow\"><\/span>\n                                    <\/p>\n                                \n                                <h2 data-aos=\"fade-up\">\n                                                                            Chauffeur Service 8&#215;8                                                                    <\/h2>\n                            <\/header>\n\n                            <article class=\"content-wrap\" data-aos=\"fade-up\" data-aos-delay=\"150\">\n                                <p><strong>Stilvolle Mobilit\u00e4t \u2013 individuell.<\/strong><\/p>\n<p>&nbsp;<\/p>\n<ul>\n<li>Hotel &#038; Flughafentransfer zum Festpreis ab 70,- \u20ac f\u00fcr bis zu 7 Personen \/ Berlin oder Prag ab 450,- \u20ac<\/li>\n<li>Stundenbuchung | Chauffeur by the hour \/ stand-by<\/li>\n<li>individuelle Sightseeing-Tour (optional mit G\u00e4stef\u00fchrung)<\/li>\n<li>Events\/Messen\/Kongresse<\/li>\n<li>Werkstransfer<\/li>\n<li>VIP &amp; K\u00fcnstler Shuttle<\/li>\n<li>Hochzeiten<\/li>\n<\/ul>\n<p><strong>Buchungscode:<\/strong> TownhouseDD<\/p>\n<p><strong>Booking:<\/strong> <a href=\"https:\/\/www.8mal8.de\/home-de\" target=\"_blank\" rel=\"noopener\">www.chauffeurservice8x8.com<\/a><\/p>\n<p>Mit 8&#215;8 buchen Sie einen zuverl\u00e4ssigen, stilvollen und flexiblen Mobilit\u00e4tsservice. Ihnen stehen hochwertige Business Vans (Mercedes-Benz V-Klasse, max. 7 G\u00e4ste) oder hochwertige ausgestattete First Class Limousinen (Audi A8L, max. 3 G\u00e4ste) zur Auswahl. Reservierungen k\u00f6nnen Sie \u00fcber den Buchungslink platzieren.<\/p>\n<p>Bei Anfragen k\u00f6nnen Sie gerne an <a href=\"mailto:guestrelation.dresden@vagabondclub.com\">guestrelation.dresden@vagabondclub.com<\/a> schreiben.<\/p>\n<p><img loading=\"lazy\" decoding=\"async\" class=\"alignnone size-medium wp-image-1834\" src=\"https:\/\/vagabondclub.com\/dresden\/wp-content\/uploads\/sites\/3\/2024\/05\/8x8_Logo_RGB.jpg\" alt=\"\" width=\"300\" height=\"133\" \/><\/p>\n                            <\/article>\n                            \n                            <div class=\"buttons\" data-aos=\"fade-up\" data-aos-delay=\"150\">\n                                <a class=\"button secondary\" href=\"https:\/\/vagabondclub.com\/dresden\/offer\/chauffeur-und-limousinenservice\/\">\n                                    Weitere Informationen                                <\/a>\n                                                            <\/div>\n                        <\/div>\n                    <\/div>\n                <\/div>\n                            <div class=\"img-content container spacing image-text\">\n                    <div class=\"img\" data-aos=\"fade-up\">\n                                                    <div class=\"image-carousel js-image-carousel img-abs\">\n                                                                    <img decoding=\"async\"\n            src=\"https:\/\/vagabondclub.com\/dresden\/wp-content\/uploads\/sites\/3\/2022\/07\/Greenbike-1367x2050.jpg\"\n    \n            loading=\"lazy\"          \n    \n    onerror=\"this.onerror=null; this.src='data:image\/gif;base64,R0lGODlhAQABAIAAAMLCwgAAACH5BAAAAAAALAAAAAABAAEAAAICRAEAOw=='; this.srcset='data:image\/gif;base64,R0lGODlhAQABAIAAAMLCwgAAACH5BAAAAAAALAAAAAABAAEAAAICRAEAOw=='\"\n    alt=\"Greenbike\"\n    width=\"1367\"\n    height=\"2050\"\n    class=\"\n        object-fit            \"\n\n        \n            srcset=\"https:\/\/vagabondclub.com\/dresden\/wp-content\/uploads\/sites\/3\/2022\/07\/Greenbike-188x282.jpg 188w, https:\/\/vagabondclub.com\/dresden\/wp-content\/uploads\/sites\/3\/2022\/07\/Greenbike-375x562.jpg 375w, https:\/\/vagabondclub.com\/dresden\/wp-content\/uploads\/sites\/3\/2022\/07\/Greenbike-500x750.jpg 500w, https:\/\/vagabondclub.com\/dresden\/wp-content\/uploads\/sites\/3\/2022\/07\/Greenbike-640x960.jpg 640w, https:\/\/vagabondclub.com\/dresden\/wp-content\/uploads\/sites\/3\/2022\/07\/Greenbike-800x1200.jpg 800w, https:\/\/vagabondclub.com\/dresden\/wp-content\/uploads\/sites\/3\/2022\/07\/Greenbike-1024x1536.jpg 1024w, https:\/\/vagabondclub.com\/dresden\/wp-content\/uploads\/sites\/3\/2022\/07\/Greenbike-1367x2050.jpg 1367w, https:\/\/vagabondclub.com\/dresden\/wp-content\/uploads\/sites\/3\/2022\/07\/Greenbike.jpg 1920w, https:\/\/vagabondclub.com\/dresden\/wp-content\/uploads\/sites\/3\/2022\/07\/Greenbike.jpg 2200w\"\n    \n    sizes=\"auto, (max-width: 48em) 85vw, (max-width: 64em) 42vw, (min-width: 64em) 42vw\">\n                                                            <\/div>\n                            \n                                                                        <\/div>\n\n                    <div class=\"content\">\n                        <div class=\"content-inner\">\n                            <header>\n                                                                    <p class=\"mb-4 overline color-accent flex items-center\" data-aos=\"fade-up\">\n                                        Townhouse Dresden                                        <span class=\"divider flex-grow\"><\/span>\n                                    <\/p>\n                                \n                                <h2 data-aos=\"fade-up\">\n                                                                            Ja mir san mit\u2019n radl da\u2026 Upps, nein, das Radl steht zuhause.                                                                    <\/h2>\n                            <\/header>\n\n                            <article class=\"content-wrap\" data-aos=\"fade-up\" data-aos-delay=\"150\">\n                                <p>Sie wollen Dresden und die herrliche Umgebung an der Elbe entlang mit dem Rad erkunden? Wir haben ein paar Greenbikes f\u00fcr Sie. Und wer noch andere Lieder beim Biken tr\u00e4llern m\u00f6chte, dem ist folgende Auswahl an sehr unterschiedlichen Radsongs empfohlen:<\/p>\n<ul>\n<li>Fahrrad fahr\u2019n \u2013 Max Raabe<\/li>\n<li>Mein Fahrrad \u2013 Die Prinzen<\/li>\n<li>Bicycle race \u2013 Queen<\/li>\n<li>Tour de France \u2013 Kraftwerk<\/li>\n<li>Rennrad \u2013 Dota<\/li>\n<li>Bike \u2013 Pink Floyd<\/li>\n<li>Die Erfindung des Rades \u2013 Moop Mama<\/li>\n<li>Nine Million Bicycles \u2013 Katie Melua<\/li>\n<li>A bicyclette \u2013 Yves Montand<\/li>\n<li>My White Bicycle \u2013 Nazareth<\/li>\n<\/ul>\n<p><strong>Kosten: Miete EUR 15 pro Tag. Gerne k\u00f6nnen wir auch motorisierte Fahrr\u00e4der organisieren.<\/strong><\/p>\n                            <\/article>\n                            \n                            <div class=\"buttons\" data-aos=\"fade-up\" data-aos-delay=\"150\">\n                                <a class=\"button secondary\" href=\"https:\/\/vagabondclub.com\/dresden\/offer\/ja-mir-san-mitn-radl-da\/\">\n                                    Weitere Informationen                                <\/a>\n                                                            <\/div>\n                        <\/div>\n                    <\/div>\n                <\/div>\n                <\/section>\n    ","protected":false},"excerpt":{"rendered":"","protected":false},"author":1,"featured_media":1513,"parent":0,"menu_order":0,"comment_status":"closed","ping_status":"closed","template":"","meta":{"_acf_changed":false,"inline_featured_image":false,"footnotes":""},"class_list":["post-74","page","type-page","status-publish","has-post-thumbnail","hentry"],"acf":[],"yoast_head":"<!-- This site is optimized with the Yoast SEO plugin v27.3 - https:\/\/yoast.com\/product\/yoast-seo-wordpress\/ -->\n<title>Angebote entdecken | Townhouse Dresden | Vagabond Club<\/title>\n<meta name=\"description\" content=\"Entdecken Sie die neuesten Angebote und Events im Townhouse Dresden.\" \/>\n<meta name=\"robots\" content=\"index, follow, max-snippet:-1, max-image-preview:large, max-video-preview:-1\" \/>\n<link rel=\"canonical\" href=\"https:\/\/vagabondclub.com\/dresden\/angebote\/\" \/>\n<meta property=\"og:locale\" content=\"de_DE\" \/>\n<meta property=\"og:type\" content=\"article\" \/>\n<meta property=\"og:title\" content=\"Angebote entdecken | Townhouse Dresden | Vagabond Club\" \/>\n<meta property=\"og:description\" content=\"Entdecken Sie die neuesten Angebote und Events im Townhouse Dresden.\" \/>\n<meta property=\"og:url\" content=\"https:\/\/vagabondclub.com\/dresden\/angebote\/\" \/>\n<meta property=\"og:site_name\" content=\"Dresden\" \/>\n<meta property=\"article:modified_time\" content=\"2025-02-17T13:22:17+00:00\" \/>\n<meta property=\"og:image\" content=\"https:\/\/vagabondclub.com\/dresden\/wp-content\/uploads\/sites\/3\/2022\/07\/Offers_Dresden.jpg\" \/>\n\t<meta property=\"og:image:width\" content=\"2200\" \/>\n\t<meta property=\"og:image:height\" content=\"1467\" \/>\n\t<meta property=\"og:image:type\" content=\"image\/jpeg\" \/>\n<meta name=\"twitter:card\" content=\"summary_large_image\" \/>\n<script type=\"application\/ld+json\" class=\"yoast-schema-graph\">{\"@context\":\"https:\\\/\\\/schema.org\",\"@graph\":[{\"@type\":\"WebPage\",\"@id\":\"https:\\\/\\\/vagabondclub.com\\\/dresden\\\/angebote\\\/\",\"url\":\"https:\\\/\\\/vagabondclub.com\\\/dresden\\\/angebote\\\/\",\"name\":\"Angebote entdecken | Townhouse Dresden | Vagabond Club\",\"isPartOf\":{\"@id\":\"https:\\\/\\\/vagabondclub.com\\\/dresden\\\/#website\"},\"primaryImageOfPage\":{\"@id\":\"https:\\\/\\\/vagabondclub.com\\\/dresden\\\/angebote\\\/#primaryimage\"},\"image\":{\"@id\":\"https:\\\/\\\/vagabondclub.com\\\/dresden\\\/angebote\\\/#primaryimage\"},\"thumbnailUrl\":\"https:\\\/\\\/vagabondclub.com\\\/dresden\\\/wp-content\\\/uploads\\\/sites\\\/3\\\/2022\\\/07\\\/Offers_Dresden.jpg\",\"datePublished\":\"2021-07-27T15:12:11+00:00\",\"dateModified\":\"2025-02-17T13:22:17+00:00\",\"description\":\"Entdecken Sie die neuesten Angebote und Events im Townhouse Dresden.\",\"breadcrumb\":{\"@id\":\"https:\\\/\\\/vagabondclub.com\\\/dresden\\\/angebote\\\/#breadcrumb\"},\"inLanguage\":\"de\",\"potentialAction\":[{\"@type\":\"ReadAction\",\"target\":[\"https:\\\/\\\/vagabondclub.com\\\/dresden\\\/angebote\\\/\"]}]},{\"@type\":\"ImageObject\",\"inLanguage\":\"de\",\"@id\":\"https:\\\/\\\/vagabondclub.com\\\/dresden\\\/angebote\\\/#primaryimage\",\"url\":\"https:\\\/\\\/vagabondclub.com\\\/dresden\\\/wp-content\\\/uploads\\\/sites\\\/3\\\/2022\\\/07\\\/Offers_Dresden.jpg\",\"contentUrl\":\"https:\\\/\\\/vagabondclub.com\\\/dresden\\\/wp-content\\\/uploads\\\/sites\\\/3\\\/2022\\\/07\\\/Offers_Dresden.jpg\",\"width\":2200,\"height\":1467},{\"@type\":\"BreadcrumbList\",\"@id\":\"https:\\\/\\\/vagabondclub.com\\\/dresden\\\/angebote\\\/#breadcrumb\",\"itemListElement\":[{\"@type\":\"ListItem\",\"position\":1,\"name\":\"Startseite\",\"item\":\"https:\\\/\\\/vagabondclub.com\\\/dresden\\\/\"},{\"@type\":\"ListItem\",\"position\":2,\"name\":\"Angebote\"}]},{\"@type\":\"WebSite\",\"@id\":\"https:\\\/\\\/vagabondclub.com\\\/dresden\\\/#website\",\"url\":\"https:\\\/\\\/vagabondclub.com\\\/dresden\\\/\",\"name\":\"Dresden\",\"description\":\"Just another Vagabond Sites site\",\"potentialAction\":[{\"@type\":\"SearchAction\",\"target\":{\"@type\":\"EntryPoint\",\"urlTemplate\":\"https:\\\/\\\/vagabondclub.com\\\/dresden\\\/?s={search_term_string}\"},\"query-input\":{\"@type\":\"PropertyValueSpecification\",\"valueRequired\":true,\"valueName\":\"search_term_string\"}}],\"inLanguage\":\"de\"}]}<\/script>\n<!-- \/ Yoast SEO plugin. -->","yoast_head_json":{"title":"Angebote entdecken | Townhouse Dresden | Vagabond Club","description":"Entdecken Sie die neuesten Angebote und Events im Townhouse Dresden.","robots":{"index":"index","follow":"follow","max-snippet":"max-snippet:-1","max-image-preview":"max-image-preview:large","max-video-preview":"max-video-preview:-1"},"canonical":"https:\/\/vagabondclub.com\/dresden\/angebote\/","og_locale":"de_DE","og_type":"article","og_title":"Angebote entdecken | Townhouse Dresden | Vagabond Club","og_description":"Entdecken Sie die neuesten Angebote und Events im Townhouse Dresden.","og_url":"https:\/\/vagabondclub.com\/dresden\/angebote\/","og_site_name":"Dresden","article_modified_time":"2025-02-17T13:22:17+00:00","og_image":[{"width":2200,"height":1467,"url":"https:\/\/vagabondclub.com\/dresden\/wp-content\/uploads\/sites\/3\/2022\/07\/Offers_Dresden.jpg","type":"image\/jpeg"}],"twitter_card":"summary_large_image","schema":{"@context":"https:\/\/schema.org","@graph":[{"@type":"WebPage","@id":"https:\/\/vagabondclub.com\/dresden\/angebote\/","url":"https:\/\/vagabondclub.com\/dresden\/angebote\/","name":"Angebote entdecken | Townhouse Dresden | Vagabond Club","isPartOf":{"@id":"https:\/\/vagabondclub.com\/dresden\/#website"},"primaryImageOfPage":{"@id":"https:\/\/vagabondclub.com\/dresden\/angebote\/#primaryimage"},"image":{"@id":"https:\/\/vagabondclub.com\/dresden\/angebote\/#primaryimage"},"thumbnailUrl":"https:\/\/vagabondclub.com\/dresden\/wp-content\/uploads\/sites\/3\/2022\/07\/Offers_Dresden.jpg","datePublished":"2021-07-27T15:12:11+00:00","dateModified":"2025-02-17T13:22:17+00:00","description":"Entdecken Sie die neuesten Angebote und Events im Townhouse Dresden.","breadcrumb":{"@id":"https:\/\/vagabondclub.com\/dresden\/angebote\/#breadcrumb"},"inLanguage":"de","potentialAction":[{"@type":"ReadAction","target":["https:\/\/vagabondclub.com\/dresden\/angebote\/"]}]},{"@type":"ImageObject","inLanguage":"de","@id":"https:\/\/vagabondclub.com\/dresden\/angebote\/#primaryimage","url":"https:\/\/vagabondclub.com\/dresden\/wp-content\/uploads\/sites\/3\/2022\/07\/Offers_Dresden.jpg","contentUrl":"https:\/\/vagabondclub.com\/dresden\/wp-content\/uploads\/sites\/3\/2022\/07\/Offers_Dresden.jpg","width":2200,"height":1467},{"@type":"BreadcrumbList","@id":"https:\/\/vagabondclub.com\/dresden\/angebote\/#breadcrumb","itemListElement":[{"@type":"ListItem","position":1,"name":"Startseite","item":"https:\/\/vagabondclub.com\/dresden\/"},{"@type":"ListItem","position":2,"name":"Angebote"}]},{"@type":"WebSite","@id":"https:\/\/vagabondclub.com\/dresden\/#website","url":"https:\/\/vagabondclub.com\/dresden\/","name":"Dresden","description":"Just another Vagabond Sites site","potentialAction":[{"@type":"SearchAction","target":{"@type":"EntryPoint","urlTemplate":"https:\/\/vagabondclub.com\/dresden\/?s={search_term_string}"},"query-input":{"@type":"PropertyValueSpecification","valueRequired":true,"valueName":"search_term_string"}}],"inLanguage":"de"}]}},"jetpack_sharing_enabled":true,"_links":{"self":[{"href":"https:\/\/vagabondclub.com\/dresden\/wp-json\/wp\/v2\/pages\/74","targetHints":{"allow":["GET"]}}],"collection":[{"href":"https:\/\/vagabondclub.com\/dresden\/wp-json\/wp\/v2\/pages"}],"about":[{"href":"https:\/\/vagabondclub.com\/dresden\/wp-json\/wp\/v2\/types\/page"}],"author":[{"embeddable":true,"href":"https:\/\/vagabondclub.com\/dresden\/wp-json\/wp\/v2\/users\/1"}],"replies":[{"embeddable":true,"href":"https:\/\/vagabondclub.com\/dresden\/wp-json\/wp\/v2\/comments?post=74"}],"version-history":[{"count":5,"href":"https:\/\/vagabondclub.com\/dresden\/wp-json\/wp\/v2\/pages\/74\/revisions"}],"predecessor-version":[{"id":2087,"href":"https:\/\/vagabondclub.com\/dresden\/wp-json\/wp\/v2\/pages\/74\/revisions\/2087"}],"wp:featuredmedia":[{"embeddable":true,"href":"https:\/\/vagabondclub.com\/dresden\/wp-json\/wp\/v2\/media\/1513"}],"wp:attachment":[{"href":"https:\/\/vagabondclub.com\/dresden\/wp-json\/wp\/v2\/media?parent=74"}],"curies":[{"name":"wp","href":"https:\/\/api.w.org\/{rel}","templated":true}]}}