{"id":74,"date":"2021-07-28T10:10:24","date_gmt":"2021-07-28T10:10:24","guid":{"rendered":"https:\/\/p-ef2bbw.project.space\/leipzig\/food-drink\/"},"modified":"2024-11-11T13:08:12","modified_gmt":"2024-11-11T13:08:12","slug":"food-drink","status":"publish","type":"page","link":"https:\/\/vagabondclub.com\/leipzig\/food-drink\/","title":{"rendered":"Dining"},"content":{"rendered":"    <section\n    class=\"row container banner-block banner-portrait justify-end items-start\"\n    id=\"block_b42efea61eee9d9d3d1ff3f0e27078d0\"\n        >\n                        <div class=\"banner-portrait-inner\">\n            <div class=\"banner-portrait-content flex justify-end flex-col theme--image\">\n                                    <p class=\"mb-2 overline color-accent\">\n                        Townhouse Leipzig                    <\/p>\n                                                    <h1 class=\"mb-20 md:mb-10 h-title\">Essen &amp; Trinken                                            <\/h1>\n                                                    <div class=\"buttons centered no-margin\">\n                                                                                                <\/div>\n                                            <\/div>\n                        <div class=\"banner-portrait-image img-abs\">\n                <img decoding=\"async\"\n            src=\"https:\/\/vagabondclub.com\/leipzig\/wp-content\/uploads\/sites\/4\/2022\/04\/TH_Leipzig_B_B-head.jpg\"\n    \n            loading=\"lazy\"          \n    \n    onerror=\"this.onerror=null; this.src='data:image\/gif;base64,R0lGODlhAQABAIAAAMLCwgAAACH5BAAAAAAALAAAAAABAAEAAAICRAEAOw=='; this.srcset='data:image\/gif;base64,R0lGODlhAQABAIAAAMLCwgAAACH5BAAAAAAALAAAAAABAAEAAAICRAEAOw=='\"\n    alt=\"TH_Leipzig_B_B-head\"\n    width=\"1092\"\n    height=\"1638\"\n    class=\"\n        object-fit            \"\n\n        \n            srcset=\"https:\/\/vagabondclub.com\/leipzig\/wp-content\/uploads\/sites\/4\/2022\/04\/TH_Leipzig_B_B-head-188x282.jpg 188w, https:\/\/vagabondclub.com\/leipzig\/wp-content\/uploads\/sites\/4\/2022\/04\/TH_Leipzig_B_B-head-375x563.jpg 375w, https:\/\/vagabondclub.com\/leipzig\/wp-content\/uploads\/sites\/4\/2022\/04\/TH_Leipzig_B_B-head-500x750.jpg 500w, https:\/\/vagabondclub.com\/leipzig\/wp-content\/uploads\/sites\/4\/2022\/04\/TH_Leipzig_B_B-head-640x960.jpg 640w, https:\/\/vagabondclub.com\/leipzig\/wp-content\/uploads\/sites\/4\/2022\/04\/TH_Leipzig_B_B-head-800x1200.jpg 800w, https:\/\/vagabondclub.com\/leipzig\/wp-content\/uploads\/sites\/4\/2022\/04\/TH_Leipzig_B_B-head-1024x1536.jpg 1024w, https:\/\/vagabondclub.com\/leipzig\/wp-content\/uploads\/sites\/4\/2022\/04\/TH_Leipzig_B_B-head.jpg 1367w, https:\/\/vagabondclub.com\/leipzig\/wp-content\/uploads\/sites\/4\/2022\/04\/TH_Leipzig_B_B-head.jpg 1920w, https:\/\/vagabondclub.com\/leipzig\/wp-content\/uploads\/sites\/4\/2022\/04\/TH_Leipzig_B_B-head.jpg 2200w\"\n    \n    sizes=\"auto, (max-width: 48em) 85vw, (max-width: 64em) 42vw, (min-width: 64em) 42vw\">\n            <\/div>\n                    <\/div>\n    <\/section>\n    \n\n    <section\n    class=\"row spacing container\"\n    id=\"block_03d2a1b4e5938556d16c56947296a0a6\"\n    data-aos=\"fade-up\"\n        >\n                        <div class=\"content-block text-align-center\">\n                            <p class=\"mb-1 overline color-accent\" data-aos=\"fade-up\">\n                    Unser Versprechen                <\/p>\n                                        <h2 data-aos=\"fade-up\">Zu dieser Qualit\u00e4t <br> stehen wir!                                    <\/h2>\n                                        <div data-aos=\"fade-up\">\n                    <p>Wir lieben richtig gute Produkte und bieten nur an, was uns geschmacklich, handwerklich und nachhaltig \u00fcberzeugt. Dazu suchen wir f\u00fcr Sie immer das Beste aus, was die B\u00e4cker, Fischer, Metzger und Landwirte vor Ort zu bieten haben.<\/p>\n                <\/div>\n                                <\/div>\n    <\/section>\n    \n\n    <section\n    class=\"row spacing container\"\n    id=\"block_7605d69d80d8f5fe002696df9916d306\"\n        >\n                        <div class=\"dining-nav flex items-center justify-center\">\n                        \n        <\/div>\n    <\/section>\n    \n\n    <section\n    class=\"row spacing img-content-row\"\n    id=\"block_52ab57e1180652673c806e2b9fae88a6\"\n        >\n                        <div class=\"img-content container image-text\">\n            <div class=\"img\" data-aos=\"fade-up\">\n                                    <div class=\"image-carousel js-image-carousel img-abs\">\n                                                    <img decoding=\"async\"\n            src=\"https:\/\/vagabondclub.com\/leipzig\/wp-content\/uploads\/sites\/4\/2022\/04\/TH_Leipzig_Breakfast-45.jpg\"\n    \n            loading=\"lazy\"          \n    \n    onerror=\"this.onerror=null; this.src='data:image\/gif;base64,R0lGODlhAQABAIAAAMLCwgAAACH5BAAAAAAALAAAAAABAAEAAAICRAEAOw=='; this.srcset='data:image\/gif;base64,R0lGODlhAQABAIAAAMLCwgAAACH5BAAAAAAALAAAAAABAAEAAAICRAEAOw=='\"\n    alt=\"TH_Leipzig_Breakfast-45\"\n    width=\"1264\"\n    height=\"843\"\n    class=\"\n        object-fit            \"\n\n        \n            srcset=\"https:\/\/vagabondclub.com\/leipzig\/wp-content\/uploads\/sites\/4\/2022\/04\/TH_Leipzig_Breakfast-45-188x125.jpg 188w, https:\/\/vagabondclub.com\/leipzig\/wp-content\/uploads\/sites\/4\/2022\/04\/TH_Leipzig_Breakfast-45-375x250.jpg 375w, https:\/\/vagabondclub.com\/leipzig\/wp-content\/uploads\/sites\/4\/2022\/04\/TH_Leipzig_Breakfast-45-500x333.jpg 500w, https:\/\/vagabondclub.com\/leipzig\/wp-content\/uploads\/sites\/4\/2022\/04\/TH_Leipzig_Breakfast-45-640x427.jpg 640w, https:\/\/vagabondclub.com\/leipzig\/wp-content\/uploads\/sites\/4\/2022\/04\/TH_Leipzig_Breakfast-45-800x534.jpg 800w, https:\/\/vagabondclub.com\/leipzig\/wp-content\/uploads\/sites\/4\/2022\/04\/TH_Leipzig_Breakfast-45-1024x683.jpg 1024w, https:\/\/vagabondclub.com\/leipzig\/wp-content\/uploads\/sites\/4\/2022\/04\/TH_Leipzig_Breakfast-45.jpg 1367w, https:\/\/vagabondclub.com\/leipzig\/wp-content\/uploads\/sites\/4\/2022\/04\/TH_Leipzig_Breakfast-45.jpg 1920w, https:\/\/vagabondclub.com\/leipzig\/wp-content\/uploads\/sites\/4\/2022\/04\/TH_Leipzig_Breakfast-45.jpg 2200w\"\n    \n    sizes=\"auto, (max-width: 48em) 85vw, (max-width: 64em) 42vw, (min-width: 64em) 42vw\">\n                                            <\/div>\n                    \n                                                <\/div>\n\n            <div class=\"content\">\n                <div class=\"content-inner\">\n                    <header>\n                                                    <p class=\"mb-4 overline color-accent flex items-center\" data-aos=\"fade-up\">\n                                Fr\u00fchst\u00fcck                                <span class=\"divider flex-grow\"><\/span>\n                            <\/p>\n                        \n                                                    <h2 data-aos=\"fade-up\">Der Breakfast Club                                                                    <span class=\"subtitle\" data-aos=\"fade-up\" data-aos-delay=\"50\">\n                                        Hawaiian Style                                    <\/span>\n                                                            <\/h2>\n                                            <\/header>\n\n                    <article class=\"content-wrap\" data-aos=\"fade-up\" data-aos-delay=\"150\">\n                        <p>Ein herzliches \u201eAloha!\u201c schallt aus der K\u00fcche \u2013 Kaffee aus der Leipziger Kaffeer\u00f6sterei von Franz Morish, Brot und Backwaren von der Biob\u00e4ckerei Macis, Honig von der Leipziger Imkerei Becker und K\u00e4se aus der K\u00e4serei Lehmann sorgen daf\u00fcr, dass die gemachten Qualit\u00e4tsversprechen voll und ganz erf\u00fcllt werden.<\/p>\n<p><strong>Mo \u2013 Fr<\/strong><br \/>\n6.30\u201310.30 Uhr<\/p>\n<p><strong>Sa &amp; So<\/strong><span class=\"Apple-converted-space\"><strong>\u00a0<\/strong><br \/>\n<\/span>7.00 \u201311.00 Uhr<span class=\"Apple-converted-space\">\u00a0<\/span><\/p>\n                    <\/article>\n                    \n                                            <div class=\"buttons\" data-aos=\"fade-up\" data-aos-delay=\"150\">\n                                                                                                <a class=\"button secondary\" href=\"https:\/\/vagabondclub.com\/leipzig\/wp-content\/uploads\/sites\/4\/2024\/09\/DE_TownhouseLeipzig_BreakfastClub_A3.pdf\" target=\"_blank\" rel=\"noopener\">\n                                        FR\u00dcHST\u00dcCKSMEN\u00dc                                    <\/a>\n                                                                                    <\/div>\n                                    <\/div>\n            <\/div>\n        <\/div>\n    <\/section>\n    \n\n    <section\n    class=\"row spacing gallery-carousel-row theme--dark\"\n    id=\"block_52c16d14a0975d848e4a3c37cf229b98\"\n        >\n                        <div class=\"gallery-carousel-wrapper\" data-aos=\"fade-up\">\n            <a href=\"#\" class=\"gallery-carousel-control gallery-carousel-prev js-gallery-prev\"><div class=\"fitty prev\"><div class=\"text\">Previous<\/div><\/div><\/a>\n            <a href=\"#\" class=\"gallery-carousel-control gallery-carousel-next js-gallery-next\"><div class=\"fitty next\"><div class=\"text\">Next<\/div><\/div><\/a>\n            <div class=\"gallery-carousel js-gallery-carousel\">\n                                    <div class=\"gallery-carousel-slide\">\n                        <div class=\"gallery-carousel-slide-img img-abs\">\n                            <img decoding=\"async\"\n            src=\"https:\/\/vagabondclub.com\/leipzig\/wp-content\/uploads\/sites\/4\/2022\/04\/TH_Leipzig_Breakfast-25.jpg\"\n    \n            loading=\"lazy\"          \n    \n    onerror=\"this.onerror=null; this.src='data:image\/gif;base64,R0lGODlhAQABAIAAAMLCwgAAACH5BAAAAAAALAAAAAABAAEAAAICRAEAOw=='; this.srcset='data:image\/gif;base64,R0lGODlhAQABAIAAAMLCwgAAACH5BAAAAAAALAAAAAABAAEAAAICRAEAOw=='\"\n    alt=\"TH_Leipzig_Breakfast-25\"\n    width=\"1320\"\n    height=\"880\"\n    class=\"\n        object-fit            \"\n\n        \n            srcset=\"https:\/\/vagabondclub.com\/leipzig\/wp-content\/uploads\/sites\/4\/2022\/04\/TH_Leipzig_Breakfast-25-188x125.jpg 188w, https:\/\/vagabondclub.com\/leipzig\/wp-content\/uploads\/sites\/4\/2022\/04\/TH_Leipzig_Breakfast-25-375x250.jpg 375w, https:\/\/vagabondclub.com\/leipzig\/wp-content\/uploads\/sites\/4\/2022\/04\/TH_Leipzig_Breakfast-25-500x333.jpg 500w, https:\/\/vagabondclub.com\/leipzig\/wp-content\/uploads\/sites\/4\/2022\/04\/TH_Leipzig_Breakfast-25-640x427.jpg 640w, https:\/\/vagabondclub.com\/leipzig\/wp-content\/uploads\/sites\/4\/2022\/04\/TH_Leipzig_Breakfast-25-800x533.jpg 800w, https:\/\/vagabondclub.com\/leipzig\/wp-content\/uploads\/sites\/4\/2022\/04\/TH_Leipzig_Breakfast-25-1024x683.jpg 1024w, https:\/\/vagabondclub.com\/leipzig\/wp-content\/uploads\/sites\/4\/2022\/04\/TH_Leipzig_Breakfast-25.jpg 1367w, https:\/\/vagabondclub.com\/leipzig\/wp-content\/uploads\/sites\/4\/2022\/04\/TH_Leipzig_Breakfast-25.jpg 1920w, https:\/\/vagabondclub.com\/leipzig\/wp-content\/uploads\/sites\/4\/2022\/04\/TH_Leipzig_Breakfast-25.jpg 2200w\"\n    \n    sizes=\"auto, (max-width: 48em) 85vw, (max-width: 64em) 83vw, (min-width: 64em) 83vw\">\n                        <\/div>\n\n                                            <\/div>\n                                    <div class=\"gallery-carousel-slide\">\n                        <div class=\"gallery-carousel-slide-img img-abs\">\n                            <img decoding=\"async\"\n            src=\"https:\/\/vagabondclub.com\/leipzig\/wp-content\/uploads\/sites\/4\/2022\/04\/TH_Leipzig_Breakfast-46.jpg\"\n    \n            loading=\"lazy\"          \n    \n    onerror=\"this.onerror=null; this.src='data:image\/gif;base64,R0lGODlhAQABAIAAAMLCwgAAACH5BAAAAAAALAAAAAABAAEAAAICRAEAOw=='; this.srcset='data:image\/gif;base64,R0lGODlhAQABAIAAAMLCwgAAACH5BAAAAAAALAAAAAABAAEAAAICRAEAOw=='\"\n    alt=\"TH_Leipzig_Breakfast-46\"\n    width=\"1413\"\n    height=\"942\"\n    class=\"\n        object-fit            \"\n\n        \n            srcset=\"https:\/\/vagabondclub.com\/leipzig\/wp-content\/uploads\/sites\/4\/2022\/04\/TH_Leipzig_Breakfast-46-188x125.jpg 188w, https:\/\/vagabondclub.com\/leipzig\/wp-content\/uploads\/sites\/4\/2022\/04\/TH_Leipzig_Breakfast-46-375x250.jpg 375w, https:\/\/vagabondclub.com\/leipzig\/wp-content\/uploads\/sites\/4\/2022\/04\/TH_Leipzig_Breakfast-46-500x333.jpg 500w, https:\/\/vagabondclub.com\/leipzig\/wp-content\/uploads\/sites\/4\/2022\/04\/TH_Leipzig_Breakfast-46-640x427.jpg 640w, https:\/\/vagabondclub.com\/leipzig\/wp-content\/uploads\/sites\/4\/2022\/04\/TH_Leipzig_Breakfast-46-800x533.jpg 800w, https:\/\/vagabondclub.com\/leipzig\/wp-content\/uploads\/sites\/4\/2022\/04\/TH_Leipzig_Breakfast-46-1024x683.jpg 1024w, https:\/\/vagabondclub.com\/leipzig\/wp-content\/uploads\/sites\/4\/2022\/04\/TH_Leipzig_Breakfast-46-1367x911.jpg 1367w, https:\/\/vagabondclub.com\/leipzig\/wp-content\/uploads\/sites\/4\/2022\/04\/TH_Leipzig_Breakfast-46.jpg 1920w, https:\/\/vagabondclub.com\/leipzig\/wp-content\/uploads\/sites\/4\/2022\/04\/TH_Leipzig_Breakfast-46.jpg 2200w\"\n    \n    sizes=\"auto, (max-width: 48em) 85vw, (max-width: 64em) 83vw, (min-width: 64em) 83vw\">\n                        <\/div>\n\n                                            <\/div>\n                            <\/div>\n\n            <div class=\"slick-controls flex justify-center items-center\">\n                <a href=\"#\" class=\"js-gallery-prev slick-control\" title=\"Previous slide\"><svg width=\"24\" height=\"24\" xmlns=\"http:\/\/www.w3.org\/2000\/svg\" viewBox=\"0 0 48 48\"><title>Previous<\/title><g class=\"caret-left\"><polyline class=\"arrowhead\" points=\"29.018 36.036 16.982 24 29.018 11.964\" fill=\"none\" stroke=\"currentColor\" stroke-linecap=\"round\" stroke-linejoin=\"round\" stroke-width=\"3\"\/><\/g><\/svg><\/a>\n                <div class=\"slick-dots gallery-dots\"><\/div>\n                <a href=\"#\" class=\"js-gallery-next slick-control\" title=\"Next slide\"><svg width=\"24\" height=\"24\" xmlns=\"http:\/\/www.w3.org\/2000\/svg\" viewBox=\"0 0 48 48\"><title>Next<\/title><g class=\"caret-right\"><polyline class=\"arrowhead\" points=\"18.982 11.964 31.018 24 18.982 36.036\" fill=\"none\" stroke=\"currentColor\" stroke-linecap=\"round\" stroke-linejoin=\"round\" stroke-width=\"3\"\/><\/g><\/svg><\/a>\n            <\/div>\n        <\/div>\n    <\/section>\n    ","protected":false},"excerpt":{"rendered":"","protected":false},"author":1,"featured_media":1098,"parent":0,"menu_order":0,"comment_status":"closed","ping_status":"closed","template":"","meta":{"_acf_changed":false,"inline_featured_image":false,"footnotes":""},"class_list":["post-74","page","type-page","status-publish","has-post-thumbnail","hentry"],"acf":[],"yoast_head":"<!-- This site is optimized with the Yoast SEO plugin v27.3 - https:\/\/yoast.com\/product\/yoast-seo-wordpress\/ -->\n<title>Dining - Leipzig<\/title>\n<meta name=\"description\" content=\"Wir lieben richtig gute Produkte und bieten nur an, was uns geschmacklich, handwerklich und nachhaltig \u00fcberzeugt.\" \/>\n<meta name=\"robots\" content=\"index, follow, max-snippet:-1, max-image-preview:large, max-video-preview:-1\" \/>\n<link rel=\"canonical\" href=\"https:\/\/vagabondclub.com\/leipzig\/food-drink\/\" \/>\n<meta property=\"og:locale\" content=\"de_DE\" \/>\n<meta property=\"og:type\" content=\"article\" \/>\n<meta property=\"og:title\" content=\"Dining - Leipzig\" \/>\n<meta property=\"og:description\" content=\"Wir lieben richtig gute Produkte und bieten nur an, was uns geschmacklich, handwerklich und nachhaltig \u00fcberzeugt.\" \/>\n<meta property=\"og:url\" content=\"https:\/\/vagabondclub.com\/leipzig\/food-drink\/\" \/>\n<meta property=\"og:site_name\" content=\"Leipzig\" \/>\n<meta property=\"article:modified_time\" content=\"2024-11-11T13:08:12+00:00\" \/>\n<meta property=\"og:image\" content=\"https:\/\/vagabondclub.com\/leipzig\/wp-content\/uploads\/sites\/4\/2022\/06\/TH_Leipzig_BB-28.jpg\" \/>\n\t<meta property=\"og:image:width\" content=\"1293\" \/>\n\t<meta property=\"og:image:height\" content=\"862\" \/>\n\t<meta property=\"og:image:type\" content=\"image\/jpeg\" \/>\n<meta name=\"twitter:card\" content=\"summary_large_image\" \/>\n<meta name=\"twitter:label1\" content=\"Gesch\u00e4tzte Lesezeit\" \/>\n\t<meta name=\"twitter:data1\" content=\"2\u00a0Minuten\" \/>\n<script type=\"application\/ld+json\" class=\"yoast-schema-graph\">{\"@context\":\"https:\\\/\\\/schema.org\",\"@graph\":[{\"@type\":\"WebPage\",\"@id\":\"https:\\\/\\\/vagabondclub.com\\\/leipzig\\\/food-drink\\\/\",\"url\":\"https:\\\/\\\/vagabondclub.com\\\/leipzig\\\/food-drink\\\/\",\"name\":\"Dining - Leipzig\",\"isPartOf\":{\"@id\":\"https:\\\/\\\/vagabondclub.com\\\/leipzig\\\/#website\"},\"primaryImageOfPage\":{\"@id\":\"https:\\\/\\\/vagabondclub.com\\\/leipzig\\\/food-drink\\\/#primaryimage\"},\"image\":{\"@id\":\"https:\\\/\\\/vagabondclub.com\\\/leipzig\\\/food-drink\\\/#primaryimage\"},\"thumbnailUrl\":\"https:\\\/\\\/vagabondclub.com\\\/leipzig\\\/wp-content\\\/uploads\\\/sites\\\/4\\\/2022\\\/06\\\/TH_Leipzig_BB-28.jpg\",\"datePublished\":\"2021-07-28T10:10:24+00:00\",\"dateModified\":\"2024-11-11T13:08:12+00:00\",\"description\":\"Wir lieben richtig gute Produkte und bieten nur an, was uns geschmacklich, handwerklich und nachhaltig \u00fcberzeugt.\",\"breadcrumb\":{\"@id\":\"https:\\\/\\\/vagabondclub.com\\\/leipzig\\\/food-drink\\\/#breadcrumb\"},\"inLanguage\":\"de\",\"potentialAction\":[{\"@type\":\"ReadAction\",\"target\":[\"https:\\\/\\\/vagabondclub.com\\\/leipzig\\\/food-drink\\\/\"]}]},{\"@type\":\"ImageObject\",\"inLanguage\":\"de\",\"@id\":\"https:\\\/\\\/vagabondclub.com\\\/leipzig\\\/food-drink\\\/#primaryimage\",\"url\":\"https:\\\/\\\/vagabondclub.com\\\/leipzig\\\/wp-content\\\/uploads\\\/sites\\\/4\\\/2022\\\/06\\\/TH_Leipzig_BB-28.jpg\",\"contentUrl\":\"https:\\\/\\\/vagabondclub.com\\\/leipzig\\\/wp-content\\\/uploads\\\/sites\\\/4\\\/2022\\\/06\\\/TH_Leipzig_BB-28.jpg\",\"width\":1293,\"height\":862},{\"@type\":\"BreadcrumbList\",\"@id\":\"https:\\\/\\\/vagabondclub.com\\\/leipzig\\\/food-drink\\\/#breadcrumb\",\"itemListElement\":[{\"@type\":\"ListItem\",\"position\":1,\"name\":\"Startseite\",\"item\":\"https:\\\/\\\/vagabondclub.com\\\/leipzig\\\/\"},{\"@type\":\"ListItem\",\"position\":2,\"name\":\"Dining\"}]},{\"@type\":\"WebSite\",\"@id\":\"https:\\\/\\\/vagabondclub.com\\\/leipzig\\\/#website\",\"url\":\"https:\\\/\\\/vagabondclub.com\\\/leipzig\\\/\",\"name\":\"Leipzig\",\"description\":\"Just another Vagabond Sites site\",\"potentialAction\":[{\"@type\":\"SearchAction\",\"target\":{\"@type\":\"EntryPoint\",\"urlTemplate\":\"https:\\\/\\\/vagabondclub.com\\\/leipzig\\\/?s={search_term_string}\"},\"query-input\":{\"@type\":\"PropertyValueSpecification\",\"valueRequired\":true,\"valueName\":\"search_term_string\"}}],\"inLanguage\":\"de\"}]}<\/script>\n<!-- \/ Yoast SEO plugin. -->","yoast_head_json":{"title":"Dining - Leipzig","description":"Wir lieben richtig gute Produkte und bieten nur an, was uns geschmacklich, handwerklich und nachhaltig \u00fcberzeugt.","robots":{"index":"index","follow":"follow","max-snippet":"max-snippet:-1","max-image-preview":"max-image-preview:large","max-video-preview":"max-video-preview:-1"},"canonical":"https:\/\/vagabondclub.com\/leipzig\/food-drink\/","og_locale":"de_DE","og_type":"article","og_title":"Dining - Leipzig","og_description":"Wir lieben richtig gute Produkte und bieten nur an, was uns geschmacklich, handwerklich und nachhaltig \u00fcberzeugt.","og_url":"https:\/\/vagabondclub.com\/leipzig\/food-drink\/","og_site_name":"Leipzig","article_modified_time":"2024-11-11T13:08:12+00:00","og_image":[{"width":1293,"height":862,"url":"https:\/\/vagabondclub.com\/leipzig\/wp-content\/uploads\/sites\/4\/2022\/06\/TH_Leipzig_BB-28.jpg","type":"image\/jpeg"}],"twitter_card":"summary_large_image","twitter_misc":{"Gesch\u00e4tzte Lesezeit":"2\u00a0Minuten"},"schema":{"@context":"https:\/\/schema.org","@graph":[{"@type":"WebPage","@id":"https:\/\/vagabondclub.com\/leipzig\/food-drink\/","url":"https:\/\/vagabondclub.com\/leipzig\/food-drink\/","name":"Dining - Leipzig","isPartOf":{"@id":"https:\/\/vagabondclub.com\/leipzig\/#website"},"primaryImageOfPage":{"@id":"https:\/\/vagabondclub.com\/leipzig\/food-drink\/#primaryimage"},"image":{"@id":"https:\/\/vagabondclub.com\/leipzig\/food-drink\/#primaryimage"},"thumbnailUrl":"https:\/\/vagabondclub.com\/leipzig\/wp-content\/uploads\/sites\/4\/2022\/06\/TH_Leipzig_BB-28.jpg","datePublished":"2021-07-28T10:10:24+00:00","dateModified":"2024-11-11T13:08:12+00:00","description":"Wir lieben richtig gute Produkte und bieten nur an, was uns geschmacklich, handwerklich und nachhaltig \u00fcberzeugt.","breadcrumb":{"@id":"https:\/\/vagabondclub.com\/leipzig\/food-drink\/#breadcrumb"},"inLanguage":"de","potentialAction":[{"@type":"ReadAction","target":["https:\/\/vagabondclub.com\/leipzig\/food-drink\/"]}]},{"@type":"ImageObject","inLanguage":"de","@id":"https:\/\/vagabondclub.com\/leipzig\/food-drink\/#primaryimage","url":"https:\/\/vagabondclub.com\/leipzig\/wp-content\/uploads\/sites\/4\/2022\/06\/TH_Leipzig_BB-28.jpg","contentUrl":"https:\/\/vagabondclub.com\/leipzig\/wp-content\/uploads\/sites\/4\/2022\/06\/TH_Leipzig_BB-28.jpg","width":1293,"height":862},{"@type":"BreadcrumbList","@id":"https:\/\/vagabondclub.com\/leipzig\/food-drink\/#breadcrumb","itemListElement":[{"@type":"ListItem","position":1,"name":"Startseite","item":"https:\/\/vagabondclub.com\/leipzig\/"},{"@type":"ListItem","position":2,"name":"Dining"}]},{"@type":"WebSite","@id":"https:\/\/vagabondclub.com\/leipzig\/#website","url":"https:\/\/vagabondclub.com\/leipzig\/","name":"Leipzig","description":"Just another Vagabond Sites site","potentialAction":[{"@type":"SearchAction","target":{"@type":"EntryPoint","urlTemplate":"https:\/\/vagabondclub.com\/leipzig\/?s={search_term_string}"},"query-input":{"@type":"PropertyValueSpecification","valueRequired":true,"valueName":"search_term_string"}}],"inLanguage":"de"}]}},"jetpack_sharing_enabled":true,"_links":{"self":[{"href":"https:\/\/vagabondclub.com\/leipzig\/wp-json\/wp\/v2\/pages\/74","targetHints":{"allow":["GET"]}}],"collection":[{"href":"https:\/\/vagabondclub.com\/leipzig\/wp-json\/wp\/v2\/pages"}],"about":[{"href":"https:\/\/vagabondclub.com\/leipzig\/wp-json\/wp\/v2\/types\/page"}],"author":[{"embeddable":true,"href":"https:\/\/vagabondclub.com\/leipzig\/wp-json\/wp\/v2\/users\/1"}],"replies":[{"embeddable":true,"href":"https:\/\/vagabondclub.com\/leipzig\/wp-json\/wp\/v2\/comments?post=74"}],"version-history":[{"count":4,"href":"https:\/\/vagabondclub.com\/leipzig\/wp-json\/wp\/v2\/pages\/74\/revisions"}],"predecessor-version":[{"id":1333,"href":"https:\/\/vagabondclub.com\/leipzig\/wp-json\/wp\/v2\/pages\/74\/revisions\/1333"}],"wp:featuredmedia":[{"embeddable":true,"href":"https:\/\/vagabondclub.com\/leipzig\/wp-json\/wp\/v2\/media\/1098"}],"wp:attachment":[{"href":"https:\/\/vagabondclub.com\/leipzig\/wp-json\/wp\/v2\/media?parent=74"}],"curies":[{"name":"wp","href":"https:\/\/api.w.org\/{rel}","templated":true}]}}