{"id":146,"date":"2021-08-02T10:05:38","date_gmt":"2021-08-02T10:05:38","guid":{"rendered":"https:\/\/p-ef2bbw.project.space\/wismar\/?page_id=146"},"modified":"2026-03-02T13:54:58","modified_gmt":"2026-03-02T13:54:58","slug":"impressum","status":"publish","type":"page","link":"https:\/\/vagabondclub.com\/wismar\/impressum\/","title":{"rendered":"Impressum"},"content":{"rendered":"    <div class=\" banner-hotel-container  has-booking-mask\">\n    <section\n    class=\"row container banner-hotel-block banner-block  has-booking-mask flex justify-center items-center flex-col theme--image\"\n    id=\"block_39e3a0d886350973557584842715f52b\"\n        >\n                    <div class=\"block-bg-img bg-grey no-overlay\">\n                <img loading=\"lazy\" decoding=\"async\"\n            src=\"https:\/\/vagabondclub.com\/wismar\/wp-content\/uploads\/sites\/5\/2021\/08\/Townhouse-Wismar-1-1920x1199.jpg\"\n    \n    \n    onerror=\"this.onerror=null; this.src='data:image\/gif;base64,R0lGODlhAQABAIAAAMLCwgAAACH5BAAAAAAALAAAAAABAAEAAAICRAEAOw=='; this.srcset='data:image\/gif;base64,R0lGODlhAQABAIAAAMLCwgAAACH5BAAAAAAALAAAAAABAAEAAAICRAEAOw=='\"\n    alt=\"Townhouse Wismar_2\"\n    width=\"1920\"\n    height=\"1199\"\n    class=\"\n        object-fit        img-gray    \"\n\n        \n            srcset=\"https:\/\/vagabondclub.com\/wismar\/wp-content\/uploads\/sites\/5\/2021\/08\/Townhouse-Wismar-1-188x117.jpg 188w, https:\/\/vagabondclub.com\/wismar\/wp-content\/uploads\/sites\/5\/2021\/08\/Townhouse-Wismar-1-375x234.jpg 375w, https:\/\/vagabondclub.com\/wismar\/wp-content\/uploads\/sites\/5\/2021\/08\/Townhouse-Wismar-1-500x312.jpg 500w, https:\/\/vagabondclub.com\/wismar\/wp-content\/uploads\/sites\/5\/2021\/08\/Townhouse-Wismar-1-640x400.jpg 640w, https:\/\/vagabondclub.com\/wismar\/wp-content\/uploads\/sites\/5\/2021\/08\/Townhouse-Wismar-1-800x500.jpg 800w, https:\/\/vagabondclub.com\/wismar\/wp-content\/uploads\/sites\/5\/2021\/08\/Townhouse-Wismar-1-1024x640.jpg 1024w, https:\/\/vagabondclub.com\/wismar\/wp-content\/uploads\/sites\/5\/2021\/08\/Townhouse-Wismar-1-1367x854.jpg 1367w, https:\/\/vagabondclub.com\/wismar\/wp-content\/uploads\/sites\/5\/2021\/08\/Townhouse-Wismar-1-1920x1199.jpg 1920w, https:\/\/vagabondclub.com\/wismar\/wp-content\/uploads\/sites\/5\/2021\/08\/Townhouse-Wismar-1.jpg 2200w\"\n    \n    sizes=\"auto, (max-width: 48em) 100vw, (max-width: 64em) 100vw, (min-width: 64em) 100vw\">\n            <\/div>\n                        <div class=\"banner-content-block theme--default\">\n                                        <p class=\"mb-2 overline color-accent\">\n                    Vagabond Club                <\/p>\n                                        <h1 class=\"mb-8 h-title\">Impressum                                    <\/h1>\n                                        <div class=\"buttons centered no-margin\">\n                                                                        <a class=\"button  primary\" href=\"#contact-form\" >\n                                Contact                            <\/a>\n                                                            <\/div>\n                    <\/div>\n                    <div class=\"book-block-mask\">\n                <form action=\"#\" id=\"booking-mask-inline\" class=\"js-booking-mask booking-mask flex  theme--default\"\n    data-url=\"https:\/\/vagabondclub.com\/wismar\/book\" data-property-id=\"THHWI\" \n    >\n    <div class=\"mask\">\n        <button type=\"button\" popovertarget=\"booking-datepicker\" class=\"dates-fields flex no-margin\">\n            <div class=\"date-field check-in-field flex items-center\">\n                <p class=\"no-margin\">\n                    <strong class=\"size-xs block\">Ankunft<\/strong>\n                    <span class=\"js-check-in-display size-l\">Mi. 08 Apr.<\/span>\n                <\/p>\n                <input aria-label=\"Check In\" type=\"date\" class=\"hidden xs:block js-arrive-input\" name=\"arrival\" value=\"2026-04-08\" min=\"2026-04-08\" \/>\n            <\/div>\n            <div class=\"date-field check-out-field flex items-center\">\n                <p class=\"no-margin\">\n                    <strong class=\"size-xs block\">Abreise<\/strong>\n                    <span class=\"js-check-out-display size-l\">Do. 09 Apr.<\/span>\n                <\/p>\n                <input aria-label=\"Check Out\" type=\"date\" class=\"hidden xs:block js-departure-input\" name=\"departure\" value=\"2026-04-09\" min=\"2026-04-09\" \/>\n            <\/div>\n            <div class=\"js-datepicker-trigger datepicker-trigger\"><\/div>\n        <\/button>\n\n            <div class=\"rooms-guests-fields flex no-margin\">\n                <button type=\"button\" popovertarget=\"booking-mask-rooms-guests-select\" class=\"rooms-guests flex items-center justify-between\">\n                    <div class=\"no-margin counter-display\">\n                        <input type=\"hidden\" class=\"js-count-rooms\" name=\"rooms\" value=\"1\" \/>\n                        <input type=\"hidden\" class=\"js-count-total-adults\" name=\"totaladults\" value=\"2\" \/>\n                        <input type=\"hidden\" class=\"js-count-total-children\" name=\"totalchildren\" value=\"1\" \/>\n                        <input type=\"hidden\" class=\"js-count-total-infants\" name=\"totalinfants\" value=\"0\" \/>\n                        <div class=\"user-display\">\n                            <strong class=\"block mb-1 size-xs label\">Zimmer \/ G\u00e4ste<\/strong>\n                            <span class=\"js-rooms-display size-l\">1 Zimmer<\/span>, <span class=\"js-guests-display size-l\">2 G\u00e4ste<\/span>\n                        <\/div>\n                        <svg xmlns=\"http:\/\/www.w3.org\/2000\/svg\" width=\"23\" height=\"26\" viewBox=\"0 0 23 26\" fill=\"none\"><title>user<\/title>\n                        <path d=\"M11.5 14.064C14.9058 14.064 17.6667 11.3031 17.6667 7.89732C17.6667 4.49156 14.9058 1.73065 11.5 1.73065C8.09424 1.73065 5.33333 4.49156 5.33333 7.89732C5.33333 11.3031 8.09424 14.064 11.5 14.064Z\" stroke=\"currentColor\" stroke-width=\"1.5\" stroke-linejoin=\"round\"\/>\n                        <path d=\"M1.29333 24.2693C1.29334 21.5623 2.36868 18.9662 4.2828 17.0521C6.19692 15.138 8.79303 14.0626 11.5 14.0626C14.207 14.0626 16.8031 15.138 18.7172 17.0521C20.6313 18.9662 21.7067 21.5623 21.7067 24.2693\" stroke=\"currentColor\" stroke-width=\"1.5\" stroke-linecap=\"round\" stroke-linejoin=\"round\"\/>\n                        <\/svg>\n                    <\/div>\n                <\/button>\n             \n            <\/div>\n            <button type=\"submit\" class=\"button primary size-s\">Verf\u00fcgbarkeit pr\u00fcfen<\/button>\n    <\/div>\n    <div class=\"login flex items-center theme--default theme--background-alt\">\n        <a href=\"#\" class=\"member button minor\">MEMBER CLUB BALD VERF\u00dcGBAR<\/a>\n    <\/div>\n\n    <div popover id=\"booking-datepicker\" role=\"listbox\" class=\"datepicker-popover theme--default\"><\/div>\n    \n    <div popover id=\"booking-mask-rooms-guests-select\" role=\"listbox\" class=\"rooms-guests-select rooms-guests-select-default theme--default\">\n                    <div class=\"select-inner\">\n                        <div class=\"select-header\">\n                            <h3 class=\"h3 rooms-guests-title\">Rooms \/ Guest<\/h3>\n                            <button type=\"button\" popovertarget=\"booking-mask-rooms-guests-select\" popovertargetaction=\"hide\" title=\"Close Booking Sidebar\" class=\"book-modal-close\">\n                                <svg xmlns=\"http:\/\/www.w3.org\/2000\/svg\" width=\"10\" height=\"11\" viewBox=\"0 0 10 11\" fill=\"none\">\n                                <path d=\"M0.773682 9.72624L9.22618 1.27374\" stroke=\"#161616\" stroke-width=\"1.5\" stroke-linecap=\"round\" stroke-linejoin=\"round\"\/>\n                                <path d=\"M9.22618 9.72624L0.773682 1.27374\" stroke=\"#161616\" stroke-width=\"1.5\" stroke-linecap=\"round\" stroke-linejoin=\"round\"\/>\n                                <\/svg>\n                            <\/button>\n                        <\/div>\n                        <div class=\"select-inner-header hide-mobile\">\n                            <div class=\"guest-type-label\">\n                                Erwachsene                                <span class=\"size-xs\">Alter 16+<\/span>\n                            <\/div>\n                            <div class=\"guest-type-label\">\n                                Kinder                                <span class=\"size-xs\">Alter 3-15<\/span>\n                            <\/div>\n                            <div class=\"guest-type-label\">\n                                Kleinkinder                                <span class=\"size-xs\">Alter 0-3<\/span>\n                            <\/div>\n                        <\/div>\n                        <div class=\"select-inner-container\">\n                            <div class=\"room-selector\">\n                                <div class=\"room\" data-max=\"4\" data-min=\"1\" data-room=\"1\">\n                                    <div class=\"room-count\">\n                                        <div class=\"room-count-title\">Zimmer <span class=\"room-number\">1<\/span><\/div>\n                                        <button type=\"button\" class=\"remove-room\" id=\"remove-room\">\n                                            Entfernen                                        <\/button>\n                                    <\/div>\n                                    <div class=\"selector-wrap flex items-center justify-between\" data-max=\"4\" data-min=\"1\">\n                                        <input type=\"hidden\" class=\"js-count-adults\" name=\"adults\" value=\"2\" \/>\n                                        <div class=\"room-guest-type\">\n                                            <span>Erwachsene<\/span>\n                                            <span class=\"size-xs\">Alter 16+<\/span>\n                                        <\/div>\n                                        <div class=\"selector flex items-center\">\n                                            <button class=\"selector-control minus button icon secondary round size-s no-margin\"><svg xmlns=\"http:\/\/www.w3.org\/2000\/svg\" width=\"18\" height=\"18\" viewBox=\"0 0 48 48\"><title>minus<\/title><g class=\"minus\"><line class=\"line-horizontal\" x1=\"8\" y1=\"24\" x2=\"40\" y2=\"24\" stroke-width=\"3\" stroke=\"currentColor\" stroke-linecap=\"round\" stroke-linejoin=\"round\" fill=\"none\"\/><\/g><\/svg><\/button>\n                                            <span class=\"selector-value text-center h4 no-margin\">2<\/span>\n                                            <button class=\"selector-control plus button icon secondary round size-s no-margin\"><svg xmlns=\"http:\/\/www.w3.org\/2000\/svg\" width=\"18\" height=\"18\" viewBox=\"0 0 48 48\"><title>plus<\/title><g class=\"plus\"><line class=\"line-vertical\" x1=\"24\" y1=\"40\" x2=\"24\" y2=\"8\" stroke-width=\"3\" stroke=\"currentColor\" stroke-linecap=\"round\" stroke-linejoin=\"round\" fill=\"none\"\/><line class=\"line-horizontal\" x1=\"8\" y1=\"24\" x2=\"40\" y2=\"24\" stroke-width=\"3\" stroke=\"currentColor\" stroke-linecap=\"round\" stroke-linejoin=\"round\" fill=\"none\"\/><\/g><\/svg><\/button>\n                                        <\/div>\n                                    <\/div>\n                                    <div class=\"selector-wrap flex items-center justify-between\" data-max=\"4\" data-min=\"0\">\n                                        <input type=\"hidden\" class=\"js-count-children\" name=\"children\" value=\"0\" \/>\n                                        <div class=\"room-guest-type\">\n                                            <span>Kinder<\/span>\n                                            <span class=\"size-xs\">Alter 3-15<\/span>\n                                        <\/div>\n                                        <div class=\"selector flex items-center\">\n                                            <button class=\"selector-control minus button icon secondary round size-s no-margin\"><svg xmlns=\"http:\/\/www.w3.org\/2000\/svg\" width=\"18\" height=\"18\" viewBox=\"0 0 48 48\"><title>minus<\/title><g class=\"minus\"><line class=\"line-horizontal\" x1=\"8\" y1=\"24\" x2=\"40\" y2=\"24\" stroke-width=\"3\" stroke=\"currentColor\" stroke-linecap=\"round\" stroke-linejoin=\"round\" fill=\"none\"\/><\/g><\/svg><\/button>\n                                            <span class=\"selector-value text-center h4 no-margin\">0<\/span>\n                                            <button class=\"selector-control plus button icon secondary round size-s no-margin\"><svg xmlns=\"http:\/\/www.w3.org\/2000\/svg\" width=\"18\" height=\"18\" viewBox=\"0 0 48 48\"><title>plus<\/title><g class=\"plus\"><line class=\"line-vertical\" x1=\"24\" y1=\"40\" x2=\"24\" y2=\"8\" stroke-width=\"3\" stroke=\"currentColor\" stroke-linecap=\"round\" stroke-linejoin=\"round\" fill=\"none\"\/><line class=\"line-horizontal\" x1=\"8\" y1=\"24\" x2=\"40\" y2=\"24\" stroke-width=\"3\" stroke=\"currentColor\" stroke-linecap=\"round\" stroke-linejoin=\"round\" fill=\"none\"\/><\/g><\/svg><\/button>\n                                        <\/div>\n                                    <\/div>\n\n                                    <div class=\"selector-wrap flex items-center justify-between\" data-max=\"4\" data-min=\"0\">\n                                        <input type=\"hidden\" class=\"js-count-infants\" name=\"infants\" value=\"0\" \/>\n                                        <div class=\"room-guest-type\">\n                                            <span>Kleinkinder<\/span>\n                                            <span class=\"size-xs\">Alter 0-3<\/span>\n                                        <\/div>\n                                        <div class=\"selector flex items-center\">\n                                            <button class=\"selector-control minus button icon secondary round size-s no-margin disabled\"><svg xmlns=\"http:\/\/www.w3.org\/2000\/svg\" width=\"18\" height=\"18\" viewBox=\"0 0 48 48\"><title>minus<\/title><g class=\"minus\"><line class=\"line-horizontal\" x1=\"8\" y1=\"24\" x2=\"40\" y2=\"24\" stroke-width=\"3\" stroke=\"currentColor\" stroke-linecap=\"round\" stroke-linejoin=\"round\" fill=\"none\"\/><\/g><\/svg><\/button>\n                                            <span class=\"selector-value text-center h4 no-margin\">0<\/span>\n                                            <button class=\"selector-control plus button icon secondary round size-s no-margin\"><svg xmlns=\"http:\/\/www.w3.org\/2000\/svg\" width=\"18\" height=\"18\" viewBox=\"0 0 48 48\"><title>plus<\/title><g class=\"plus\"><line class=\"line-vertical\" x1=\"24\" y1=\"40\" x2=\"24\" y2=\"8\" stroke-width=\"3\" stroke=\"currentColor\" stroke-linecap=\"round\" stroke-linejoin=\"round\" fill=\"none\"\/><line class=\"line-horizontal\" x1=\"8\" y1=\"24\" x2=\"40\" y2=\"24\" stroke-width=\"3\" stroke=\"currentColor\" stroke-linecap=\"round\" stroke-linejoin=\"round\" fill=\"none\"\/><\/g><\/svg><\/button>\n                                        <\/div>\n                                    <\/div>\n                                    <button type=\"button\" class=\"label remove-room disabled xs:hidden\" id=\"remove-room\">\n                                            Entfernen                                    <\/button>\n                                <\/div>\n                            <\/div>\n                        <\/div>\n                        <footer class=\"select-footer\">\n                            <button type=\"button\" class=\"button minor add-room\">Raum hinzuf\u00fcgen<\/button>\n                            <button type=\"button\" popovertarget=\"booking-mask-rooms-guests-select\" popovertargetaction=\"hide\" class=\"button rooms-guests-close\">Best\u00e4tigen<\/button>\n                        <\/footer>\n                    <\/div>\n                <\/div>\n<\/form>            <\/div>\n            <\/section>\n    <\/div>\n    \n\n\n<h2 class=\"wp-block-heading\" id=\"impressum\">Impressum<\/h2>\n\n\n\n<h3 class=\"wp-block-heading\" id=\"townhouse-stadt-hamburg-wismar-a-vagabond-club\"><\/h3>\n\n\n\n<p><strong>Angaben gem\u00e4\u00df \u00a7 5 DDG<\/strong>&nbsp;<\/p>\n\n\n\n<p><strong>Betreibergesellschaft:<\/strong>&nbsp;<\/p>\n\n\n\n<p>Townhouse Wismar GmbH&nbsp;<\/p>\n\n\n\n<p>Hauptstra\u00dfe 66&nbsp;<\/p>\n\n\n\n<p>12159 Berlin&nbsp;<\/p>\n\n\n\n<p><strong>Gesch\u00e4ftsf\u00fchrung:\u202f<\/strong>&nbsp;<\/p>\n\n\n\n<p>Benedikt de Bruyn; Gordon Geiser\u00a0<\/p>\n\n\n\n<p><strong>Kontaktinformation:<\/strong>&nbsp;<\/p>\n\n\n\n<p>Tel: +49 30 773 27 80 &#8211; 0&nbsp;<\/p>\n\n\n\n<p>Fax: +49 30 773 27 80 &#8211; 29&nbsp;<\/p>\n\n\n\n<p>E-Mail: info@revo-h.com&nbsp;<\/p>\n\n\n\n<p>Web:&nbsp;<a href=\"http:\/\/www.revo-h.com\/\" target=\"_blank\" rel=\"noreferrer noopener\">www.revo-h.com<\/a>&nbsp;<\/p>\n\n\n\n<p><strong>Anschrift und Kontakt Hotel (f\u00fcr Kundenanfragen):<\/strong>&nbsp;<\/p>\n\n\n\n<p>Townhouse Wismar&nbsp;<\/p>\n\n\n\n<p>Am Markt 24&nbsp;<\/p>\n\n\n\n<p>23966 Wismar&nbsp;<\/p>\n\n\n\n<p>Deutschland&nbsp;<\/p>\n\n\n\n<p>Tel: +49 3841 23 90&nbsp;<\/p>\n\n\n\n<p>E-Mail: townhouse.wismar@vagabondclub.com&nbsp;<\/p>\n\n\n\n<p>Web: https:\/\/vagabondclub.com\/wismar\/&nbsp;<\/p>\n\n\n\n<p><strong>Registereintrag:<\/strong>&nbsp;<\/p>\n\n\n\n<p>Sitz der Gesellschaft: Berlin&nbsp;<\/p>\n\n\n\n<p>Registergericht: Amtsgericht Berlin-Charlottenburg&nbsp;<\/p>\n\n\n\n<p>Reg. Nr.: HRB 265982 B&nbsp;<\/p>\n\n\n\n<p><strong>USt-ID Nr.:<\/strong>&nbsp;DE338702465&nbsp;<\/p>\n\n\n\n<p><strong>T\u00e4tigkeitsbereich:<\/strong>&nbsp;<\/p>\n\n\n\n<p>Hotellerie, Hotelbetrieb, Hotelmanagement und Projektentwicklung&nbsp;<\/p>\n\n\n\n<p><strong>Haftung f\u00fcr Inhalte und externe Links (\u00a7 7\u201310 TMG)<\/strong>&nbsp;<\/p>\n\n\n\n<p>Die Inhalte dieser Webseite werden mit gr\u00f6\u00dftm\u00f6glicher Sorgfalt erstellt und regelm\u00e4\u00dfig aktualisiert. F\u00fcr die Richtigkeit, Vollst\u00e4ndigkeit und Aktualit\u00e4t \u00fcbernehmen wir jedoch keine Gew\u00e4hr. Als Diensteanbieter sind wir gem\u00e4\u00df \u00a7\u202f7 Abs.\u202f1 TMG f\u00fcr eigene Inhalte verantwortlich. Nach \u00a7\u00a7\u202f8\u201310 TMG besteht keine Verpflichtung, \u00fcbermittelte oder gespeicherte fremde Informationen zu \u00fcberwachen. Diese Webseite enth\u00e4lt Links zu externen Webseiten, auf deren Inhalte wir keinen Einfluss haben.&nbsp;<br>F\u00fcr die Inhalte der verlinkten<strong>&nbsp;<\/strong>Seiten sind ausschlie\u00dflich deren Betreiber verantwortlich.&nbsp;<\/p>\n\n\n\n<p><strong>Urheberrecht<\/strong>&nbsp;<\/p>\n\n\n\n<p>Alle Inhalte dieser Webseite sind urheberrechtlich gesch\u00fctzt. Eine Verwendung \u00fcber die gesetzlich zul\u00e4ssigen Grenzen hinaus bedarf der vorherigen schriftlichen Zustimmung, soweit nicht anders gekennzeichnet.&nbsp;<\/p>\n\n\n\n<p><strong>Verbraucherstreitbeilegung:<\/strong>&nbsp;<\/p>\n\n\n\n<p>Wir sind nicht bereit und nicht verpflichtet, an Streitbeilegungsverfahren vor einer Verbraucherschlichtungsstelle teilzunehmen.&nbsp;<\/p>\n\n\n\n<p><strong>Anwendbares Recht:<\/strong>&nbsp;<\/p>\n\n\n\n<p>Die rechtlichen Hinweise auf dieser Seite sowie alle Fragen und Streitigkeiten im Zusammenhang mit dieser Webseite unterliegen dem Recht der Bundesrepublik Deutschland.&nbsp;<\/p>\n\n\n\n<p>*Das Unternehmen ist Teil der Revo Hospitality Group.&nbsp;<\/p>\n","protected":false},"excerpt":{"rendered":"<p>Impressum Angaben gem\u00e4\u00df \u00a7 5 DDG&nbsp; Betreibergesellschaft:&nbsp; Townhouse Wismar GmbH&nbsp; Hauptstra\u00dfe 66&nbsp; 12159 Berlin&nbsp; Gesch\u00e4ftsf\u00fchrung:\u202f&nbsp; Benedikt de Bruyn; Gordon Geiser\u00a0&#8230;<\/p>\n","protected":false},"author":3,"featured_media":0,"parent":0,"menu_order":0,"comment_status":"closed","ping_status":"closed","template":"","meta":{"_acf_changed":false,"inline_featured_image":false,"footnotes":""},"class_list":["post-146","page","type-page","status-publish","hentry"],"acf":[],"yoast_head":"<!-- This site is optimized with the Yoast SEO plugin v27.3 - https:\/\/yoast.com\/product\/yoast-seo-wordpress\/ -->\n<title>Impressum - Wismar<\/title>\n<meta name=\"robots\" content=\"noindex, nofollow\" \/>\n<meta property=\"og:locale\" content=\"de_DE\" \/>\n<meta property=\"og:type\" content=\"article\" \/>\n<meta property=\"og:title\" content=\"Impressum - Wismar\" \/>\n<meta property=\"og:description\" content=\"Impressum Angaben gem\u00e4\u00df \u00a7 5 DDG&nbsp; Betreibergesellschaft:&nbsp; Townhouse Wismar GmbH&nbsp; Hauptstra\u00dfe 66&nbsp; 12159 Berlin&nbsp; Gesch\u00e4ftsf\u00fchrung:\u202f&nbsp; Benedikt de Bruyn; Gordon Geiser\u00a0...\" \/>\n<meta property=\"og:url\" content=\"https:\/\/vagabondclub.com\/wismar\/impressum\/\" \/>\n<meta property=\"og:site_name\" content=\"Wismar\" \/>\n<meta property=\"article:modified_time\" content=\"2026-03-02T13:54:58+00:00\" \/>\n<meta name=\"twitter:card\" content=\"summary_large_image\" \/>\n<meta name=\"twitter:label1\" content=\"Gesch\u00e4tzte Lesezeit\" \/>\n\t<meta name=\"twitter:data1\" content=\"2\u00a0Minuten\" \/>\n<script type=\"application\/ld+json\" class=\"yoast-schema-graph\">{\"@context\":\"https:\\\/\\\/schema.org\",\"@graph\":[{\"@type\":\"WebPage\",\"@id\":\"https:\\\/\\\/vagabondclub.com\\\/wismar\\\/impressum\\\/\",\"url\":\"https:\\\/\\\/vagabondclub.com\\\/wismar\\\/impressum\\\/\",\"name\":\"Impressum - Wismar\",\"isPartOf\":{\"@id\":\"https:\\\/\\\/vagabondclub.com\\\/wismar\\\/#website\"},\"datePublished\":\"2021-08-02T10:05:38+00:00\",\"dateModified\":\"2026-03-02T13:54:58+00:00\",\"breadcrumb\":{\"@id\":\"https:\\\/\\\/vagabondclub.com\\\/wismar\\\/impressum\\\/#breadcrumb\"},\"inLanguage\":\"de\",\"potentialAction\":[{\"@type\":\"ReadAction\",\"target\":[\"https:\\\/\\\/vagabondclub.com\\\/wismar\\\/impressum\\\/\"]}]},{\"@type\":\"BreadcrumbList\",\"@id\":\"https:\\\/\\\/vagabondclub.com\\\/wismar\\\/impressum\\\/#breadcrumb\",\"itemListElement\":[{\"@type\":\"ListItem\",\"position\":1,\"name\":\"Startseite\",\"item\":\"https:\\\/\\\/vagabondclub.com\\\/wismar\\\/\"},{\"@type\":\"ListItem\",\"position\":2,\"name\":\"Impressum\"}]},{\"@type\":\"WebSite\",\"@id\":\"https:\\\/\\\/vagabondclub.com\\\/wismar\\\/#website\",\"url\":\"https:\\\/\\\/vagabondclub.com\\\/wismar\\\/\",\"name\":\"Wismar\",\"description\":\"Just another Vagabond Sites site\",\"potentialAction\":[{\"@type\":\"SearchAction\",\"target\":{\"@type\":\"EntryPoint\",\"urlTemplate\":\"https:\\\/\\\/vagabondclub.com\\\/wismar\\\/?s={search_term_string}\"},\"query-input\":{\"@type\":\"PropertyValueSpecification\",\"valueRequired\":true,\"valueName\":\"search_term_string\"}}],\"inLanguage\":\"de\"}]}<\/script>\n<!-- \/ Yoast SEO plugin. -->","yoast_head_json":{"title":"Impressum - Wismar","robots":{"index":"noindex","follow":"nofollow"},"og_locale":"de_DE","og_type":"article","og_title":"Impressum - Wismar","og_description":"Impressum Angaben gem\u00e4\u00df \u00a7 5 DDG&nbsp; Betreibergesellschaft:&nbsp; Townhouse Wismar GmbH&nbsp; Hauptstra\u00dfe 66&nbsp; 12159 Berlin&nbsp; Gesch\u00e4ftsf\u00fchrung:\u202f&nbsp; Benedikt de Bruyn; Gordon Geiser\u00a0...","og_url":"https:\/\/vagabondclub.com\/wismar\/impressum\/","og_site_name":"Wismar","article_modified_time":"2026-03-02T13:54:58+00:00","twitter_card":"summary_large_image","twitter_misc":{"Gesch\u00e4tzte Lesezeit":"2\u00a0Minuten"},"schema":{"@context":"https:\/\/schema.org","@graph":[{"@type":"WebPage","@id":"https:\/\/vagabondclub.com\/wismar\/impressum\/","url":"https:\/\/vagabondclub.com\/wismar\/impressum\/","name":"Impressum - Wismar","isPartOf":{"@id":"https:\/\/vagabondclub.com\/wismar\/#website"},"datePublished":"2021-08-02T10:05:38+00:00","dateModified":"2026-03-02T13:54:58+00:00","breadcrumb":{"@id":"https:\/\/vagabondclub.com\/wismar\/impressum\/#breadcrumb"},"inLanguage":"de","potentialAction":[{"@type":"ReadAction","target":["https:\/\/vagabondclub.com\/wismar\/impressum\/"]}]},{"@type":"BreadcrumbList","@id":"https:\/\/vagabondclub.com\/wismar\/impressum\/#breadcrumb","itemListElement":[{"@type":"ListItem","position":1,"name":"Startseite","item":"https:\/\/vagabondclub.com\/wismar\/"},{"@type":"ListItem","position":2,"name":"Impressum"}]},{"@type":"WebSite","@id":"https:\/\/vagabondclub.com\/wismar\/#website","url":"https:\/\/vagabondclub.com\/wismar\/","name":"Wismar","description":"Just another Vagabond Sites site","potentialAction":[{"@type":"SearchAction","target":{"@type":"EntryPoint","urlTemplate":"https:\/\/vagabondclub.com\/wismar\/?s={search_term_string}"},"query-input":{"@type":"PropertyValueSpecification","valueRequired":true,"valueName":"search_term_string"}}],"inLanguage":"de"}]}},"jetpack_sharing_enabled":true,"_links":{"self":[{"href":"https:\/\/vagabondclub.com\/wismar\/wp-json\/wp\/v2\/pages\/146","targetHints":{"allow":["GET"]}}],"collection":[{"href":"https:\/\/vagabondclub.com\/wismar\/wp-json\/wp\/v2\/pages"}],"about":[{"href":"https:\/\/vagabondclub.com\/wismar\/wp-json\/wp\/v2\/types\/page"}],"author":[{"embeddable":true,"href":"https:\/\/vagabondclub.com\/wismar\/wp-json\/wp\/v2\/users\/3"}],"replies":[{"embeddable":true,"href":"https:\/\/vagabondclub.com\/wismar\/wp-json\/wp\/v2\/comments?post=146"}],"version-history":[{"count":5,"href":"https:\/\/vagabondclub.com\/wismar\/wp-json\/wp\/v2\/pages\/146\/revisions"}],"predecessor-version":[{"id":1555,"href":"https:\/\/vagabondclub.com\/wismar\/wp-json\/wp\/v2\/pages\/146\/revisions\/1555"}],"wp:attachment":[{"href":"https:\/\/vagabondclub.com\/wismar\/wp-json\/wp\/v2\/media?parent=146"}],"curies":[{"name":"wp","href":"https:\/\/api.w.org\/{rel}","templated":true}]}}